{"id":2267,"date":"2024-06-12T15:31:31","date_gmt":"2024-06-12T07:31:31","guid":{"rendered":"https:\/\/jlextract.com\/?page_id=2267"},"modified":"2024-08-12T08:59:22","modified_gmt":"2024-08-12T00:59:22","slug":"personal-care","status":"publish","type":"page","link":"https:\/\/jlextract.com\/pt\/cuidados-pessoais\/","title":{"rendered":"Cuidados pessoais"},"content":{"rendered":"<p>O mercado de cosm\u00e9ticos \u00e9 outro setor que est\u00e1 passando por uma revolu\u00e7\u00e3o no consumo, caminhando em dire\u00e7\u00e3o ao uso de ingredientes naturais que inspirem maior confian\u00e7a sem perder os efeitos ben\u00e9ficos buscados.<\/p>\n<p>Na Jieliang Extract, nossos ingredientes podem ajudar a retardar\u00a0<strong>taxa de envelhecimento celular, reduz a forma\u00e7\u00e3o de radicais livres, retarda a oxida\u00e7\u00e3o de prote\u00ednas e reduz a inflama\u00e7\u00e3o<\/strong>. Eles podem ser usados em produtos para cuidados com o cabelo e o corpo para melhorar seu desempenho de espuma e poder de limpeza. Eles tamb\u00e9m podem ser usados para aumentar a seguran\u00e7a e a estabilidade de seus produtos e promover a inova\u00e7\u00e3o.<\/p>\n<p style=\"text-align: center;\">\u00a0<img loading=\"lazy\" decoding=\"async\" class=\"alignnone size-large wp-image-2270\" src=\"https:\/\/jlextract.com\/wp-content\/uploads\/2024\/06\/20211101054753_44548.jpg\" alt=\"\" width=\"437\" height=\"322\" srcset=\"https:\/\/jlextract.com\/wp-content\/uploads\/2024\/06\/20211101054753_44548.jpg 437w, https:\/\/jlextract.com\/wp-content\/uploads\/2024\/06\/20211101054753_44548-300x221.jpg 300w\" sizes=\"(max-width: 437px) 100vw, 437px\" \/><\/p>\n<p><strong>Cuidados pessoais<\/strong><\/p>\n<p>Cuidados pessoais incluem muitos aspectos, como produtos para cuidados com a pele, cremes, xampus, sabonetes l\u00edquidos, batons, perfumes, pastas de dente, produtos de esteriliza\u00e7\u00e3o, etc.<\/p>\n<p>Nossos extratos naturais de plantas e ingredientes naturais podem ter efeito antioxidante, esfoliante, clareador, anti-inflamat\u00f3rio, prote\u00e7\u00e3o UV, remo\u00e7\u00e3o de acne, umectante, antienvelhecimento, etc.<\/p>","protected":false},"excerpt":{"rendered":"<p>O mercado de cosm\u00e9ticos \u00e9 outro setor que est\u00e1 passando por uma revolu\u00e7\u00e3o do consumidor, caminhando em dire\u00e7\u00e3o ao uso de ingredientes naturais que inspiram maior confian\u00e7a sem perder os efeitos ben\u00e9ficos que est\u00e3o sendo buscados. Na Jieliang Extract, nossos ingredientes podem ajudar a desacelerar a taxa de envelhecimento celular, reduzir a forma\u00e7\u00e3o de radicais livres, desacelerar a oxida\u00e7\u00e3o de prote\u00ednas e reduzir a inflama\u00e7\u00e3o. Eles podem [\u2026]<\/p>","protected":false},"author":1,"featured_media":2270,"parent":0,"menu_order":0,"comment_status":"closed","ping_status":"closed","template":"page\/application.php","meta":{"footnotes":""},"_links":{"self":[{"href":"https:\/\/jlextract.com\/pt\/wp-json\/wp\/v2\/pages\/2267"}],"collection":[{"href":"https:\/\/jlextract.com\/pt\/wp-json\/wp\/v2\/pages"}],"about":[{"href":"https:\/\/jlextract.com\/pt\/wp-json\/wp\/v2\/types\/page"}],"author":[{"embeddable":true,"href":"https:\/\/jlextract.com\/pt\/wp-json\/wp\/v2\/users\/1"}],"replies":[{"embeddable":true,"href":"https:\/\/jlextract.com\/pt\/wp-json\/wp\/v2\/comments?post=2267"}],"version-history":[{"count":3,"href":"https:\/\/jlextract.com\/pt\/wp-json\/wp\/v2\/pages\/2267\/revisions"}],"predecessor-version":[{"id":2279,"href":"https:\/\/jlextract.com\/pt\/wp-json\/wp\/v2\/pages\/2267\/revisions\/2279"}],"wp:featuredmedia":[{"embeddable":true,"href":"https:\/\/jlextract.com\/pt\/wp-json\/wp\/v2\/media\/2270"}],"wp:attachment":[{"href":"https:\/\/jlextract.com\/pt\/wp-json\/wp\/v2\/media?parent=2267"}],"curies":[{"name":"wp","href":"https:\/\/api.w.org\/{rel}","templated":true}]}}