{"id":2264,"date":"2024-06-12T15:28:29","date_gmt":"2024-06-12T07:28:29","guid":{"rendered":"https:\/\/jlextract.com\/?page_id=2264"},"modified":"2024-08-27T09:38:52","modified_gmt":"2024-08-27T01:38:52","slug":"insecticide-fungicide","status":"publish","type":"page","link":"https:\/\/jlextract.com\/pt\/inseticida-fungicida\/","title":{"rendered":"Inseticida e fungicida"},"content":{"rendered":"<p>Desenvolvemos e projetamos extratos vegetais com especifica\u00e7\u00f5es e qualidade otimizadas, adequados para serem aplic\u00e1veis em\u00a0<strong>Inseticida, fungicida, bactericida e virucida<\/strong>.<br \/>\nEspecifica\u00e7\u00f5es personalizadas para diferentes formula\u00e7\u00f5es e baixo custo, ingredientes totalmente naturais para atender aos padr\u00f5es da agricultura org\u00e2nica e ecol\u00f3gica.<\/p>\n<p style=\"text-align: center;\"><img loading=\"lazy\" decoding=\"async\" class=\"size-full wp-image-2265 aligncenter\" src=\"https:\/\/jlextract.com\/wp-content\/uploads\/2024\/06\/20211101054131_31903.jpg\" alt=\"\" width=\"600\" height=\"383\" srcset=\"https:\/\/jlextract.com\/wp-content\/uploads\/2024\/06\/20211101054131_31903.jpg 600w, https:\/\/jlextract.com\/wp-content\/uploads\/2024\/06\/20211101054131_31903-300x192.jpg 300w\" sizes=\"(max-width: 600px) 100vw, 600px\" \/><\/p>\n<p><strong>Inseticida, fungicida, bactericida e viricida\u00a0<\/strong><\/p>\n<p>H\u00e1 um grande n\u00famero de metab\u00f3litos secund\u00e1rios de plantas com atividade inseticida ou bactericida na natureza, como terpenos, alcaloides, flavonoides, esteroides, amino\u00e1cidos \u00fanicos e polissacar\u00eddeos. Essas subst\u00e2ncias t\u00eam baixa toxicidade para organismos n\u00e3o-alvo, s\u00e3o facilmente degradadas, n\u00e3o causam efeitos permanentes no meio ambiente e no ecossistema e s\u00e3o altamente seguras.<\/p>\n<p>Esses extratos vegetais incluem Matrina, rotenona, azadiractina, veratrina, piretro, nicotina, celangulina, eucaliptol, c\u00e2nfora, dextroc\u00e2nfora, \u00f3leo de anis estrelado, chamaetoxina, triptolida, curcumol, Osthole, eugenol, \u00e9ter met\u00edlico de emodina, carvacrol, berberina, esterenol, saponina do ch\u00e1, espirocarbe, alcal\u00f3ides de sofora, alicina, d-limoneno, \u00e1lcool terp\u00eanico, isossulfeto de cianato de alila, extrato de Ginkgo biloba (\u00e1cido pentadecenfen\u00f3lico, \u00e1cido tridecilfen\u00f3lico)<\/p>","protected":false},"excerpt":{"rendered":"<p>Desenvolvemos e projetamos extratos vegetais em especifica\u00e7\u00f5es e qualidade otimizadas, que s\u00e3o adequados para serem aplic\u00e1veis em Inseticida, Fungicida, Bactericida e Virucida. Especifica\u00e7\u00f5es personalizadas para diferentes formula\u00e7\u00f5es e baixo custo, todos os ingredientes naturais para atender aos padr\u00f5es da agricultura org\u00e2nica e ecol\u00f3gica. Inseticida, Fungicida, Bactericida e Viricida H\u00e1 um grande n\u00famero de plantas [\u2026]<\/p>","protected":false},"author":1,"featured_media":2269,"parent":0,"menu_order":0,"comment_status":"closed","ping_status":"closed","template":"page\/application.php","meta":{"footnotes":""},"_links":{"self":[{"href":"https:\/\/jlextract.com\/pt\/wp-json\/wp\/v2\/pages\/2264"}],"collection":[{"href":"https:\/\/jlextract.com\/pt\/wp-json\/wp\/v2\/pages"}],"about":[{"href":"https:\/\/jlextract.com\/pt\/wp-json\/wp\/v2\/types\/page"}],"author":[{"embeddable":true,"href":"https:\/\/jlextract.com\/pt\/wp-json\/wp\/v2\/users\/1"}],"replies":[{"embeddable":true,"href":"https:\/\/jlextract.com\/pt\/wp-json\/wp\/v2\/comments?post=2264"}],"version-history":[{"count":1,"href":"https:\/\/jlextract.com\/pt\/wp-json\/wp\/v2\/pages\/2264\/revisions"}],"predecessor-version":[{"id":2266,"href":"https:\/\/jlextract.com\/pt\/wp-json\/wp\/v2\/pages\/2264\/revisions\/2266"}],"wp:featuredmedia":[{"embeddable":true,"href":"https:\/\/jlextract.com\/pt\/wp-json\/wp\/v2\/media\/2269"}],"wp:attachment":[{"href":"https:\/\/jlextract.com\/pt\/wp-json\/wp\/v2\/media?parent=2264"}],"curies":[{"name":"wp","href":"https:\/\/api.w.org\/{rel}","templated":true}]}}