{"id":2260,"date":"2024-06-12T15:25:45","date_gmt":"2024-06-12T07:25:45","guid":{"rendered":"https:\/\/jlextract.com\/?page_id=2260"},"modified":"2024-08-27T09:37:01","modified_gmt":"2024-08-27T01:37:01","slug":"feed-feed-additive","status":"publish","type":"page","link":"https:\/\/jlextract.com\/pt\/aditivo-alimentar\/","title":{"rendered":"Ra\u00e7\u00e3o e aditivos para ra\u00e7\u00e3o"},"content":{"rendered":"<p>O setor de nutri\u00e7\u00e3o animal est\u00e1 testemunhando mudan\u00e7as significativas motivadas por uma legisla\u00e7\u00e3o mais voltada para solu\u00e7\u00f5es naturais que os usu\u00e1rios finais exigem cada vez mais. Na Jieliang Extract,\u00a0<strong>n\u00f3s ajudamos voc\u00ea a atender a essas novas demandas, gra\u00e7as a uma grande variedade de novos ingredientes naturais<\/strong>, testado com sucesso em v\u00e1rias esp\u00e9cies de animais de fazenda (<strong>monog\u00e1stricos, ruminantes e aquicultura<\/strong>) com o objetivo de melhorar n\u00e3o apenas o estado geral de sa\u00fade do animal, mas tamb\u00e9m os rendimentos da produ\u00e7\u00e3o. O extrato de Jieliang \u00e9\u00a0<strong>Certificado FAMI-QS\u00a0<\/strong>para garantir a qualidade. Todos os extratos vegetais s\u00e3o produzidos na especifica\u00e7\u00e3o e qualidade que s\u00e3o bons desempenhos de custo para ra\u00e7\u00e3o, tamb\u00e9m mantemos o mesmo padr\u00e3o de qualidade como grau aliment\u00edcio, e os produtos est\u00e3o em conformidade com a lei europeia de ra\u00e7\u00e3o, cumprem com o padr\u00e3o FAMI-QS. Todos os extratos vegetais s\u00e3o atualmente usados como aditivos para ra\u00e7\u00e3o e alimentos para animais de estima\u00e7\u00e3o, etc.<\/p>\n<p style=\"text-align: center;\"><img loading=\"lazy\" decoding=\"async\" class=\"alignnone size-full wp-image-2261\" src=\"https:\/\/jlextract.com\/wp-content\/uploads\/2024\/06\/20211101053228_50124.jpg\" alt=\"\" width=\"518\" height=\"488\" srcset=\"https:\/\/jlextract.com\/wp-content\/uploads\/2024\/06\/20211101053228_50124.jpg 518w, https:\/\/jlextract.com\/wp-content\/uploads\/2024\/06\/20211101053228_50124-300x283.jpg 300w\" sizes=\"(max-width: 518px) 100vw, 518px\" \/><\/p>\n<p><strong>Controle de qualidade certificado FAMI-QS e padr\u00e3o personalizado\u00a0<\/strong><\/p>\n<p>Os benef\u00edcios que nossos ingredientes oferecem podem ser listados como: Antimicrobiano\/antiparasit\u00e1rio Antiestresse Antioxidantes Anti-inflamat\u00f3rios Auxiliam na fun\u00e7\u00e3o respirat\u00f3ria Melhoram a qualidade da carne Auxiliam nas articula\u00e7\u00f5es Ajudam a proteger o f\u00edgado Auxiliam na sa\u00fade digestiva Promovem o crescimento Estimulam o sistema imunol\u00f3gico Oferecemos servi\u00e7os avan\u00e7ados de fus\u00e3o e incorpora\u00e7\u00e3o de \u00f3leos vegetais e ingredientes naturais, al\u00e9m de misturas, gr\u00e2nulos, etc. OEM e ODM.<\/p>","protected":false},"excerpt":{"rendered":"<p>O setor de nutri\u00e7\u00e3o animal est\u00e1 testemunhando mudan\u00e7as significativas motivadas por uma legisla\u00e7\u00e3o mais voltada para solu\u00e7\u00f5es naturais que os usu\u00e1rios finais exigem cada vez mais. Na Jieliang Extract, ajudamos voc\u00ea a atender a essas novas demandas, gra\u00e7as a uma ampla variedade de novos ingredientes naturais, testados com sucesso em v\u00e1rias esp\u00e9cies de animais de fazenda (monog\u00e1stricos, ruminantes e aquicultura) com o objetivo [\u2026]<\/p>","protected":false},"author":1,"featured_media":2261,"parent":0,"menu_order":0,"comment_status":"closed","ping_status":"closed","template":"page\/application.php","meta":{"footnotes":""},"_links":{"self":[{"href":"https:\/\/jlextract.com\/pt\/wp-json\/wp\/v2\/pages\/2260"}],"collection":[{"href":"https:\/\/jlextract.com\/pt\/wp-json\/wp\/v2\/pages"}],"about":[{"href":"https:\/\/jlextract.com\/pt\/wp-json\/wp\/v2\/types\/page"}],"author":[{"embeddable":true,"href":"https:\/\/jlextract.com\/pt\/wp-json\/wp\/v2\/users\/1"}],"replies":[{"embeddable":true,"href":"https:\/\/jlextract.com\/pt\/wp-json\/wp\/v2\/comments?post=2260"}],"version-history":[{"count":2,"href":"https:\/\/jlextract.com\/pt\/wp-json\/wp\/v2\/pages\/2260\/revisions"}],"predecessor-version":[{"id":2263,"href":"https:\/\/jlextract.com\/pt\/wp-json\/wp\/v2\/pages\/2260\/revisions\/2263"}],"wp:featuredmedia":[{"embeddable":true,"href":"https:\/\/jlextract.com\/pt\/wp-json\/wp\/v2\/media\/2261"}],"wp:attachment":[{"href":"https:\/\/jlextract.com\/pt\/wp-json\/wp\/v2\/media?parent=2260"}],"curies":[{"name":"wp","href":"https:\/\/api.w.org\/{rel}","templated":true}]}}