{"id":2250,"date":"2024-06-12T10:38:37","date_gmt":"2024-06-12T02:38:37","guid":{"rendered":"https:\/\/jlextract.com\/?page_id=2250"},"modified":"2026-04-30T11:28:55","modified_gmt":"2026-04-30T03:28:55","slug":"nutrition-beverage-natural-ingredients","status":"publish","type":"page","link":"https:\/\/jlextract.com\/pt\/nutricao-\uff06-bebida\/","title":{"rendered":"Ingredientes naturais para aplica\u00e7\u00f5es em nutri\u00e7\u00e3o e bebidas"},"content":{"rendered":"<p>As ind\u00fastrias de nutri\u00e7\u00e3o, suplementos alimentares e bebidas necessitam de ingredientes naturais que sejam consistentes, rastre\u00e1veis e pr\u00e1ticos para a formula\u00e7\u00e3o de produtos. A JL EXTRACT fornece extratos bot\u00e2nicos, pigmentos naturais, p\u00f3s de frutas e vegetais, aromas e ingredientes funcionais de origem vegetal para aplica\u00e7\u00f5es em c\u00e1psulas, comprimidos, bebidas, latic\u00ednios, panifica\u00e7\u00e3o, confeitaria e alimentos em geral.<\/p>\n<p style=\"text-align: center;\"><img loading=\"lazy\" decoding=\"async\" class=\"size-full wp-image-2253 aligncenter\" src=\"https:\/\/jlextract.com\/wp-content\/uploads\/2024\/06\/20211101012905_93037.jpg\" alt=\"Extratos bot\u00e2nicos naturais e ingredientes vegetais para aplica\u00e7\u00f5es em bebidas nutricionais\" width=\"518\" height=\"321\" srcset=\"https:\/\/jlextract.com\/wp-content\/uploads\/2024\/06\/20211101012905_93037.jpg 518w, https:\/\/jlextract.com\/wp-content\/uploads\/2024\/06\/20211101012905_93037-300x186.jpg 300w\" sizes=\"(max-width: 518px) 100vw, 518px\" \/><\/p>\n<h2>Op\u00e7\u00f5es de ingredientes para f\u00f3rmulas de alimentos e suplementos<\/h2>\n<p>Nossa linha de produtos inclui extratos ricos em polifen\u00f3is, ingredientes flavonoides, saponinas, polissacar\u00eddeos, corantes naturais, extratos de especiarias e p\u00f3s de frutas ou vegetais. Dependendo do produto, podemos discutir o teor de princ\u00edpios ativos, a taxa de extra\u00e7\u00e3o, o ve\u00edculo, a solubilidade, o impacto no sabor e o tamanho das part\u00edculas.<\/p>\n<h2>Projetado para uso na fabrica\u00e7\u00e3o.<\/h2>\n<p>Para compradores B2B, a quest\u00e3o fundamental n\u00e3o \u00e9 apenas se um ingrediente \u00e9 natural, mas se ele pode ser usado de forma confi\u00e1vel em um produto final. Oferecemos suporte na revis\u00e3o de especifica\u00e7\u00f5es, confirma\u00e7\u00e3o de certificados de an\u00e1lise (COA), testes de amostras e controle de qualidade lote a lote para projetos de suplementos e bebidas.<\/p>\n<h2>Aplica\u00e7\u00f5es que apoiamos<\/h2>\n<p>Os usos t\u00edpicos incluem f\u00f3rmulas antioxidantes, suplementos para suporte imunol\u00f3gico, bebidas funcionais, sistemas de colora\u00e7\u00e3o natural, suplementos nutricionais em p\u00f3 \u00e0 base de plantas, misturas bot\u00e2nicas e projetos de ingredientes aliment\u00edcios que exigem qualidade est\u00e1vel e documenta\u00e7\u00e3o.<\/p>","protected":false},"excerpt":{"rendered":"<p>Extratos bot\u00e2nicos, pigmentos naturais e p\u00f3s de frutas ou vegetais para suplementos, bebidas funcionais, f\u00f3rmulas alimentares e aplica\u00e7\u00f5es nutricionais.<\/p>","protected":false},"author":1,"featured_media":2253,"parent":0,"menu_order":0,"comment_status":"closed","ping_status":"closed","template":"page\/application.php","meta":{"footnotes":""},"_links":{"self":[{"href":"https:\/\/jlextract.com\/pt\/wp-json\/wp\/v2\/pages\/2250"}],"collection":[{"href":"https:\/\/jlextract.com\/pt\/wp-json\/wp\/v2\/pages"}],"about":[{"href":"https:\/\/jlextract.com\/pt\/wp-json\/wp\/v2\/types\/page"}],"author":[{"embeddable":true,"href":"https:\/\/jlextract.com\/pt\/wp-json\/wp\/v2\/users\/1"}],"replies":[{"embeddable":true,"href":"https:\/\/jlextract.com\/pt\/wp-json\/wp\/v2\/comments?post=2250"}],"version-history":[{"count":6,"href":"https:\/\/jlextract.com\/pt\/wp-json\/wp\/v2\/pages\/2250\/revisions"}],"predecessor-version":[{"id":3131,"href":"https:\/\/jlextract.com\/pt\/wp-json\/wp\/v2\/pages\/2250\/revisions\/3131"}],"wp:featuredmedia":[{"embeddable":true,"href":"https:\/\/jlextract.com\/pt\/wp-json\/wp\/v2\/media\/2253"}],"wp:attachment":[{"href":"https:\/\/jlextract.com\/pt\/wp-json\/wp\/v2\/media?parent=2250"}],"curies":[{"name":"wp","href":"https:\/\/api.w.org\/{rel}","templated":true}]}}