{"id":10,"date":"2023-02-10T11:14:23","date_gmt":"2023-02-10T03:14:23","guid":{"rendered":"https:\/\/jlextract.com\/?page_id=10"},"modified":"2026-04-30T11:28:54","modified_gmt":"2026-04-30T03:28:54","slug":"contact-us","status":"publish","type":"page","link":"https:\/\/jlextract.com\/pt\/contate-nos\/","title":{"rendered":"Entre em contato com a JL EXTRACT | Solicite amostras e or\u00e7amentos de extratos bot\u00e2nicos"},"content":{"rendered":"<p>Entre em contato com a JL EXTRACT para extratos bot\u00e2nicos, ingredientes naturais, \u00f3leos essenciais de plantas, p\u00f3s de frutas e vegetais, especiarias e solu\u00e7\u00f5es personalizadas com ingredientes \u00e0 base de plantas.<\/p>\n<h2>O que enviar com sua consulta<\/h2>\n<p>Para nos ajudar a elaborar um or\u00e7amento preciso, informe o nome do produto, a especifica\u00e7\u00e3o desejada ou o conte\u00fado ativo, a quantidade necess\u00e1ria, a aplica\u00e7\u00e3o, o mercado de destino e quaisquer documentos exigidos, como certificado de an\u00e1lise (COA), ficha de dados de seguran\u00e7a (MSDS), declara\u00e7\u00e3o de al\u00e9rgenos ou arquivos de certifica\u00e7\u00e3o.<\/p>\n<h2>Amostras, especifica\u00e7\u00f5es e suporte OEM<\/h2>\n<p>Nossa equipe pode ajudar a verificar as op\u00e7\u00f5es dispon\u00edveis, amostras, prazos de entrega, embalagens, rotulagem e especifica\u00e7\u00f5es personalizadas para aplica\u00e7\u00f5es em alimentos, ra\u00e7\u00f5es, cuidados pessoais e agricultura.<\/p>\n<h2>Resposta r\u00e1pida para compradores B2B<\/h2>\n<p>Seja voc\u00ea um distribuidor, fabricante, empresa de formula\u00e7\u00e3o ou propriet\u00e1rio de marca, responderemos com informa\u00e7\u00f5es pr\u00e1ticas sobre o produto e detalhes da cota\u00e7\u00e3o com base nas necessidades do seu projeto.<\/p>","protected":false},"excerpt":{"rendered":"<p>Entre em contato com a JL EXTRACT para solicitar amostras de extratos bot\u00e2nicos, certificados de an\u00e1lise (COA), especifica\u00e7\u00f5es e suporte para or\u00e7amentos de projetos de ingredientes para alimentos, ra\u00e7\u00f5es, cosm\u00e9ticos e agricultura.<\/p>","protected":false},"author":1,"featured_media":0,"parent":0,"menu_order":0,"comment_status":"closed","ping_status":"closed","template":"page\/contact.php","meta":{"footnotes":""},"_links":{"self":[{"href":"https:\/\/jlextract.com\/pt\/wp-json\/wp\/v2\/pages\/10"}],"collection":[{"href":"https:\/\/jlextract.com\/pt\/wp-json\/wp\/v2\/pages"}],"about":[{"href":"https:\/\/jlextract.com\/pt\/wp-json\/wp\/v2\/types\/page"}],"author":[{"embeddable":true,"href":"https:\/\/jlextract.com\/pt\/wp-json\/wp\/v2\/users\/1"}],"replies":[{"embeddable":true,"href":"https:\/\/jlextract.com\/pt\/wp-json\/wp\/v2\/comments?post=10"}],"version-history":[{"count":2,"href":"https:\/\/jlextract.com\/pt\/wp-json\/wp\/v2\/pages\/10\/revisions"}],"predecessor-version":[{"id":3130,"href":"https:\/\/jlextract.com\/pt\/wp-json\/wp\/v2\/pages\/10\/revisions\/3130"}],"wp:attachment":[{"href":"https:\/\/jlextract.com\/pt\/wp-json\/wp\/v2\/media?parent=10"}],"curies":[{"name":"wp","href":"https:\/\/api.w.org\/{rel}","templated":true}]}}