{"id":2267,"date":"2024-06-12T15:31:31","date_gmt":"2024-06-12T07:31:31","guid":{"rendered":"https:\/\/jlextract.com\/?page_id=2267"},"modified":"2026-04-30T11:28:59","modified_gmt":"2026-04-30T03:28:59","slug":"personal-care-cosmetic-natural-ingredients","status":"publish","type":"page","link":"https:\/\/jlextract.com\/it\/cura-personale\/","title":{"rendered":"Ingredienti botanici naturali per la cura della persona e la cosmesi"},"content":{"rendered":"<p>I marchi di prodotti per la cura della persona e cosmetici sono sempre pi\u00f9 alla ricerca di ingredienti naturali in grado di supportare la narrazione del prodotto, l&#039;esperienza sensoriale e il posizionamento funzionale. JL EXTRACT fornisce estratti botanici, ingredienti naturali e oli essenziali vegetali per prodotti per la cura della pelle, dei capelli, del corpo, per l&#039;igiene orale e per la profumeria.<\/p>\n<p style=\"text-align: center;\"><img loading=\"lazy\" decoding=\"async\" class=\"alignnone size-large wp-image-2270\" src=\"https:\/\/jlextract.com\/wp-content\/uploads\/2024\/06\/20211101054753_44548.jpg\" alt=\"Ingredienti botanici naturali e oli essenziali per cosmetici per la cura della persona\" width=\"437\" height=\"322\" srcset=\"https:\/\/jlextract.com\/wp-content\/uploads\/2024\/06\/20211101054753_44548.jpg 437w, https:\/\/jlextract.com\/wp-content\/uploads\/2024\/06\/20211101054753_44548-300x221.jpg 300w\" sizes=\"(max-width: 437px) 100vw, 437px\" \/><\/p>\n<h2>Ingredienti botanici per la formulazione di cosmetici<\/h2>\n<p>La nostra gamma di ingredienti naturali pu\u00f2 essere considerata per concetti di azione antiossidante, lenitiva, esfoliante, illuminante, detergente, antiet\u00e0, profumazione e stabilit\u00e0 del prodotto, a seconda dell&#039;ingrediente selezionato e del mercato normativo.<\/p>\n<h2>Applicazioni nei prodotti per la cura della persona<\/h2>\n<p>Le applicazioni tipiche includono creme, lozioni, shampoo, gel doccia, dentifrici, profumi, prodotti per le labbra, detergenti e formulazioni speciali in cui estratti botanici o oli essenziali aggiungono valore al prodotto finito.<\/p>\n<h2>Supporto per gli acquirenti di ingredienti<\/h2>\n<p>Possiamo fornire campioni, specifiche tecniche, informazioni sul certificato di analisi (COA) e supporto per preventivi all&#039;ingrosso a formulisti di cosmetici, marchi di prodotti per la cura della persona, distributori e produttori a contratto.<\/p>","protected":false},"excerpt":{"rendered":"<p>Estratti botanici, oli essenziali e ingredienti naturali per la cura della pelle, dei capelli, l&#039;igiene orale, la profumeria e la formulazione di cosmetici.<\/p>","protected":false},"author":1,"featured_media":2270,"parent":0,"menu_order":0,"comment_status":"closed","ping_status":"closed","template":"page\/application.php","meta":{"footnotes":""},"_links":{"self":[{"href":"https:\/\/jlextract.com\/it\/wp-json\/wp\/v2\/pages\/2267"}],"collection":[{"href":"https:\/\/jlextract.com\/it\/wp-json\/wp\/v2\/pages"}],"about":[{"href":"https:\/\/jlextract.com\/it\/wp-json\/wp\/v2\/types\/page"}],"author":[{"embeddable":true,"href":"https:\/\/jlextract.com\/it\/wp-json\/wp\/v2\/users\/1"}],"replies":[{"embeddable":true,"href":"https:\/\/jlextract.com\/it\/wp-json\/wp\/v2\/comments?post=2267"}],"version-history":[{"count":4,"href":"https:\/\/jlextract.com\/it\/wp-json\/wp\/v2\/pages\/2267\/revisions"}],"predecessor-version":[{"id":3134,"href":"https:\/\/jlextract.com\/it\/wp-json\/wp\/v2\/pages\/2267\/revisions\/3134"}],"wp:featuredmedia":[{"embeddable":true,"href":"https:\/\/jlextract.com\/it\/wp-json\/wp\/v2\/media\/2270"}],"wp:attachment":[{"href":"https:\/\/jlextract.com\/it\/wp-json\/wp\/v2\/media?parent=2267"}],"curies":[{"name":"wp","href":"https:\/\/api.w.org\/{rel}","templated":true}]}}