{"id":2260,"date":"2024-06-12T15:25:45","date_gmt":"2024-06-12T07:25:45","guid":{"rendered":"https:\/\/jlextract.com\/?page_id=2260"},"modified":"2024-08-27T09:37:01","modified_gmt":"2024-08-27T01:37:01","slug":"feed-feed-additive","status":"publish","type":"page","link":"https:\/\/jlextract.com\/it\/additivo-per-mangimi\/","title":{"rendered":"Mangimi e additivi per mangimi"},"content":{"rendered":"<p>Il settore della nutrizione animale sta assistendo a cambiamenti significativi motivati da una legislazione pi\u00f9 orientata verso soluzioni naturali che gli utenti finali richiedono sempre di pi\u00f9. Presso Jieliang Extract,\u00a0<strong>ti aiutiamo a soddisfare queste nuove esigenze, grazie ad un&#039;ampia variet\u00e0 di nuovi ingredienti naturali<\/strong>, testato con successo su varie specie di animali da fattoria (<strong>monogastrici, ruminanti e acquacoltura<\/strong>) con l&#039;obiettivo di migliorare non solo lo stato di salute generale dell&#039;animale, ma anche le rese produttive. L&#039;estratto di Jieliang \u00e8\u00a0<strong>Certificato FAMI-QS\u00a0<\/strong>per garantire la qualit\u00e0. Tutti gli estratti vegetali sono prodotti secondo le specifiche e la qualit\u00e0 che sono un buon rapporto costi-prestazioni per i mangimi, inoltre manteniamo lo stesso standard di qualit\u00e0 del grado alimentare e i prodotti sono conformi alla legge europea sui mangimi, rispettano lo standard FAMI-QS. Tutti gli estratti vegetali sono attualmente utilizzati come additivi per mangimi e alimenti per animali domestici ecc.<\/p>\n<p style=\"text-align: center;\"><img loading=\"lazy\" decoding=\"async\" class=\"alignnone size-full wp-image-2261\" src=\"https:\/\/jlextract.com\/wp-content\/uploads\/2024\/06\/20211101053228_50124.jpg\" alt=\"\" width=\"518\" height=\"488\" srcset=\"https:\/\/jlextract.com\/wp-content\/uploads\/2024\/06\/20211101053228_50124.jpg 518w, https:\/\/jlextract.com\/wp-content\/uploads\/2024\/06\/20211101053228_50124-300x283.jpg 300w\" sizes=\"(max-width: 518px) 100vw, 518px\" \/><\/p>\n<p><strong>Controllo di qualit\u00e0 certificato FAMI-QS e standard personalizzato\u00a0<\/strong><\/p>\n<p>I benefici offerti dai nostri ingredienti possono essere elencati come: Antimicrobici\/antiparassitari Antistress Antiossidanti Antinfiammatori Aiutano la funzione respiratoria Migliorano la qualit\u00e0 della carne Aiutano le articolazioni Aiutano a proteggere il fegato Aiutano la salute digestiva Favoriscono la crescita Rafforzano il sistema immunitario Forniamo servizi avanzati di fusione e inclusione di oli vegetali e ingredienti naturali, nonch\u00e9 miscele, granuli ecc. OEM e ODM.<\/p>","protected":false},"excerpt":{"rendered":"<p>Il settore della nutrizione animale sta assistendo a cambiamenti significativi motivati da una legislazione pi\u00f9 orientata verso soluzioni naturali che gli utenti finali richiedono sempre di pi\u00f9. In Jieliang Extract, ti aiutiamo a soddisfare queste nuove richieste, grazie a un&#039;ampia variet\u00e0 di nuovi ingredienti naturali, testati con successo in varie specie di animali da fattoria (monogastrici, ruminanti e acquacoltura) con l&#039;obiettivo di [\u2026]<\/p>","protected":false},"author":1,"featured_media":2261,"parent":0,"menu_order":0,"comment_status":"closed","ping_status":"closed","template":"page\/application.php","meta":{"footnotes":""},"_links":{"self":[{"href":"https:\/\/jlextract.com\/it\/wp-json\/wp\/v2\/pages\/2260"}],"collection":[{"href":"https:\/\/jlextract.com\/it\/wp-json\/wp\/v2\/pages"}],"about":[{"href":"https:\/\/jlextract.com\/it\/wp-json\/wp\/v2\/types\/page"}],"author":[{"embeddable":true,"href":"https:\/\/jlextract.com\/it\/wp-json\/wp\/v2\/users\/1"}],"replies":[{"embeddable":true,"href":"https:\/\/jlextract.com\/it\/wp-json\/wp\/v2\/comments?post=2260"}],"version-history":[{"count":2,"href":"https:\/\/jlextract.com\/it\/wp-json\/wp\/v2\/pages\/2260\/revisions"}],"predecessor-version":[{"id":2263,"href":"https:\/\/jlextract.com\/it\/wp-json\/wp\/v2\/pages\/2260\/revisions\/2263"}],"wp:featuredmedia":[{"embeddable":true,"href":"https:\/\/jlextract.com\/it\/wp-json\/wp\/v2\/media\/2261"}],"wp:attachment":[{"href":"https:\/\/jlextract.com\/it\/wp-json\/wp\/v2\/media?parent=2260"}],"curies":[{"name":"wp","href":"https:\/\/api.w.org\/{rel}","templated":true}]}}