{"id":2267,"date":"2024-06-12T15:31:31","date_gmt":"2024-06-12T07:31:31","guid":{"rendered":"https:\/\/jlextract.com\/?page_id=2267"},"modified":"2024-08-12T08:59:22","modified_gmt":"2024-08-12T00:59:22","slug":"personal-care","status":"publish","type":"page","link":"https:\/\/jlextract.com\/fr\/soins-personnels\/","title":{"rendered":"Soins personnels"},"content":{"rendered":"<p>Le march\u00e9 des cosm\u00e9tiques est un autre secteur qui conna\u00eet une r\u00e9volution de consommation, \u00e9voluant vers l\u2019utilisation d\u2019ingr\u00e9dients naturels qui inspirent une plus grande confiance sans pour autant manquer les effets b\u00e9n\u00e9fiques recherch\u00e9s.<\/p>\n<p>Chez Jieliang Extract, nos ingr\u00e9dients peuvent aider \u00e0 ralentir\u00a0<strong>taux de vieillissement cellulaire, r\u00e9duire la formation de radicaux libres, ralentir l&#039;oxydation des prot\u00e9ines et r\u00e9duire l&#039;inflammation<\/strong>Ils peuvent \u00eatre utilis\u00e9s dans les produits de soins capillaires et corporels pour am\u00e9liorer leur pouvoir moussant et leur pouvoir nettoyant. Ils peuvent \u00e9galement \u00eatre utilis\u00e9s pour am\u00e9liorer la s\u00e9curit\u00e9 et la stabilit\u00e9 de vos produits et pour promouvoir l&#039;innovation.<\/p>\n<p style=\"text-align: center;\">\u00a0<img loading=\"lazy\" decoding=\"async\" class=\"alignnone size-large wp-image-2270\" src=\"https:\/\/jlextract.com\/wp-content\/uploads\/2024\/06\/20211101054753_44548.jpg\" alt=\"\" width=\"437\" height=\"322\" srcset=\"https:\/\/jlextract.com\/wp-content\/uploads\/2024\/06\/20211101054753_44548.jpg 437w, https:\/\/jlextract.com\/wp-content\/uploads\/2024\/06\/20211101054753_44548-300x221.jpg 300w\" sizes=\"(max-width: 437px) 100vw, 437px\" \/><\/p>\n<p><strong>Soins personnels<\/strong><\/p>\n<p>Les soins personnels comprennent de nombreux aspects, tels que les produits de soins de la peau, la cr\u00e8me, le shampoing, le gel douche, le rouge \u00e0 l\u00e8vres, le parfum, le dentifrice, les produits de st\u00e9rilisation, etc.<\/p>\n<p>Nos extraits de plantes naturelles et nos ingr\u00e9dients naturels peuvent avoir un effet antioxydant, exfoliant, blanchissant, anti-inflammatoire, protection UV, \u00e9limination de l&#039;acn\u00e9, mouillage, anti-\u00e2ge, etc.<\/p>","protected":false},"excerpt":{"rendered":"<p>Le march\u00e9 des cosm\u00e9tiques est un autre secteur qui conna\u00eet une r\u00e9volution de consommation, s\u2019orientant vers l\u2019utilisation d\u2019ingr\u00e9dients naturels qui inspirent une plus grande confiance sans pour autant manquer les effets b\u00e9n\u00e9fiques recherch\u00e9s. Chez Jieliang Extract, nos ingr\u00e9dients peuvent aider \u00e0 ralentir le taux de vieillissement cellulaire, \u00e0 r\u00e9duire la formation de radicaux libres, \u00e0 ralentir l\u2019oxydation des prot\u00e9ines et \u00e0 r\u00e9duire l\u2019inflammation. Ils peuvent [\u2026]<\/p>","protected":false},"author":1,"featured_media":2270,"parent":0,"menu_order":0,"comment_status":"closed","ping_status":"closed","template":"page\/application.php","meta":{"footnotes":""},"_links":{"self":[{"href":"https:\/\/jlextract.com\/fr\/wp-json\/wp\/v2\/pages\/2267"}],"collection":[{"href":"https:\/\/jlextract.com\/fr\/wp-json\/wp\/v2\/pages"}],"about":[{"href":"https:\/\/jlextract.com\/fr\/wp-json\/wp\/v2\/types\/page"}],"author":[{"embeddable":true,"href":"https:\/\/jlextract.com\/fr\/wp-json\/wp\/v2\/users\/1"}],"replies":[{"embeddable":true,"href":"https:\/\/jlextract.com\/fr\/wp-json\/wp\/v2\/comments?post=2267"}],"version-history":[{"count":3,"href":"https:\/\/jlextract.com\/fr\/wp-json\/wp\/v2\/pages\/2267\/revisions"}],"predecessor-version":[{"id":2279,"href":"https:\/\/jlextract.com\/fr\/wp-json\/wp\/v2\/pages\/2267\/revisions\/2279"}],"wp:featuredmedia":[{"embeddable":true,"href":"https:\/\/jlextract.com\/fr\/wp-json\/wp\/v2\/media\/2270"}],"wp:attachment":[{"href":"https:\/\/jlextract.com\/fr\/wp-json\/wp\/v2\/media?parent=2267"}],"curies":[{"name":"wp","href":"https:\/\/api.w.org\/{rel}","templated":true}]}}