{"id":2264,"date":"2024-06-12T15:28:29","date_gmt":"2024-06-12T07:28:29","guid":{"rendered":"https:\/\/jlextract.com\/?page_id=2264"},"modified":"2024-08-27T09:38:52","modified_gmt":"2024-08-27T01:38:52","slug":"insecticide-fungicide","status":"publish","type":"page","link":"https:\/\/jlextract.com\/fr\/insecticide-fongicide\/","title":{"rendered":"Insecticide et fongicide"},"content":{"rendered":"<p>Nous avons d\u00e9velopp\u00e9 et con\u00e7u des extraits de plantes selon des sp\u00e9cifications et une qualit\u00e9 optimis\u00e9es, qui sont aptes \u00e0 \u00eatre applicables dans\u00a0<strong>Insecticide, fongicide, bact\u00e9ricide et virucide<\/strong>.<br \/>\nSp\u00e9cifications personnalis\u00e9es pour diff\u00e9rentes formulations et \u00e0 faible co\u00fbt, ingr\u00e9dients enti\u00e8rement naturels pour r\u00e9pondre aux normes de l&#039;agriculture biologique et \u00e9cologique.<\/p>\n<p style=\"text-align: center;\"><img loading=\"lazy\" decoding=\"async\" class=\"size-full wp-image-2265 aligncenter\" src=\"https:\/\/jlextract.com\/wp-content\/uploads\/2024\/06\/20211101054131_31903.jpg\" alt=\"\" width=\"600\" height=\"383\" srcset=\"https:\/\/jlextract.com\/wp-content\/uploads\/2024\/06\/20211101054131_31903.jpg 600w, https:\/\/jlextract.com\/wp-content\/uploads\/2024\/06\/20211101054131_31903-300x192.jpg 300w\" sizes=\"(max-width: 600px) 100vw, 600px\" \/><\/p>\n<p><strong>Insecticide, fongicide, bact\u00e9ricide et viricide\u00a0<\/strong><\/p>\n<p>Il existe dans la nature un grand nombre de m\u00e9tabolites secondaires v\u00e9g\u00e9taux ayant une activit\u00e9 insecticide ou bact\u00e9ricide, tels que les terp\u00e8nes, les alcalo\u00efdes, les flavono\u00efdes, les st\u00e9ro\u00efdes, les acides amin\u00e9s uniques et les polysaccharides. Ces substances ont une faible toxicit\u00e9 pour les organismes non cibl\u00e9s, se d\u00e9gradent facilement, n&#039;ont pas d&#039;effets permanents sur l&#039;environnement et l&#039;\u00e9cosyst\u00e8me et sont tr\u00e8s s\u00fbres.<\/p>\n<p>Ces extraits de plantes comprennent la matrine, la rot\u00e9none, l&#039;azadirachtine, la v\u00e9ratrine, le pyr\u00e8thre, la nicotine, la c\u00e9languline, l&#039;eucalyptol, le camphre, le dextrocamphre, l&#039;huile d&#039;anis \u00e9toil\u00e9, la chamaetoxine, la triptolide, le curcumol, l&#039;osthole, l&#039;eug\u00e9nol, l&#039;\u00e9ther m\u00e9thylique d&#039;\u00e9modine, le carvacrol, la berb\u00e9rine, le st\u00e9r\u00e9nol, la saponine de th\u00e9, le spirocarbe, les alcalo\u00efdes de sophora, l&#039;allicine, le d-limon\u00e8ne, l&#039;alcool terp\u00e9nique, l&#039;isosulfure de cyanate d&#039;allyle, l&#039;extrait de Ginkgo biloba (acide pentad\u00e9c\u00e9nph\u00e9nolique, acide trid\u00e9cylph\u00e9nolique)<\/p>","protected":false},"excerpt":{"rendered":"<p>Nous avons d\u00e9velopp\u00e9 et con\u00e7u des extraits de plantes dans des sp\u00e9cifications et une qualit\u00e9 optimis\u00e9es, qui sont adapt\u00e9s pour \u00eatre utilis\u00e9s dans les insecticides, les fongicides, les bact\u00e9ricides et les virucides. Sp\u00e9cifications personnalis\u00e9es pour diff\u00e9rentes formulations et ingr\u00e9dients \u00e0 faible co\u00fbt et enti\u00e8rement naturels pour r\u00e9pondre aux normes de l&#039;agriculture biologique et \u00e9cologique. Insecticide, fongicide, bact\u00e9ricide et virucide Il existe un grand nombre d&#039;extraits de plantes [\u2026]<\/p>","protected":false},"author":1,"featured_media":2269,"parent":0,"menu_order":0,"comment_status":"closed","ping_status":"closed","template":"page\/application.php","meta":{"footnotes":""},"_links":{"self":[{"href":"https:\/\/jlextract.com\/fr\/wp-json\/wp\/v2\/pages\/2264"}],"collection":[{"href":"https:\/\/jlextract.com\/fr\/wp-json\/wp\/v2\/pages"}],"about":[{"href":"https:\/\/jlextract.com\/fr\/wp-json\/wp\/v2\/types\/page"}],"author":[{"embeddable":true,"href":"https:\/\/jlextract.com\/fr\/wp-json\/wp\/v2\/users\/1"}],"replies":[{"embeddable":true,"href":"https:\/\/jlextract.com\/fr\/wp-json\/wp\/v2\/comments?post=2264"}],"version-history":[{"count":1,"href":"https:\/\/jlextract.com\/fr\/wp-json\/wp\/v2\/pages\/2264\/revisions"}],"predecessor-version":[{"id":2266,"href":"https:\/\/jlextract.com\/fr\/wp-json\/wp\/v2\/pages\/2264\/revisions\/2266"}],"wp:featuredmedia":[{"embeddable":true,"href":"https:\/\/jlextract.com\/fr\/wp-json\/wp\/v2\/media\/2269"}],"wp:attachment":[{"href":"https:\/\/jlextract.com\/fr\/wp-json\/wp\/v2\/media?parent=2264"}],"curies":[{"name":"wp","href":"https:\/\/api.w.org\/{rel}","templated":true}]}}