{"id":2260,"date":"2024-06-12T15:25:45","date_gmt":"2024-06-12T07:25:45","guid":{"rendered":"https:\/\/jlextract.com\/?page_id=2260"},"modified":"2026-04-30T11:28:57","modified_gmt":"2026-04-30T03:28:57","slug":"feed-additive-botanical-extracts","status":"publish","type":"page","link":"https:\/\/jlextract.com\/fr\/additif-alimentaire\/","title":{"rendered":"Extraits botaniques pour l&#039;alimentation animale et applications en tant qu&#039;additifs alimentaires"},"content":{"rendered":"<p>L&#039;alimentation animale \u00e9volue vers des solutions \u00e0 base d&#039;ingr\u00e9dients naturels, tra\u00e7ables et conformes \u00e0 la r\u00e9glementation. JL EXTRACT fournit des extraits botaniques, des huiles v\u00e9g\u00e9tales et des ingr\u00e9dients naturels pour les additifs alimentaires, les aliments pour animaux de compagnie et les produits de nutrition animale.<\/p>\n<p style=\"text-align: center;\"><img loading=\"lazy\" decoding=\"async\" class=\"alignnone size-full wp-image-2261\" src=\"https:\/\/jlextract.com\/wp-content\/uploads\/2024\/06\/20211101053228_50124.jpg\" alt=\"Extraits botaniques et ingr\u00e9dients naturels pour la fabrication d&#039;additifs alimentaires\" width=\"518\" height=\"488\" srcset=\"https:\/\/jlextract.com\/wp-content\/uploads\/2024\/06\/20211101053228_50124.jpg 518w, https:\/\/jlextract.com\/wp-content\/uploads\/2024\/06\/20211101053228_50124-300x283.jpg 300w\" sizes=\"(max-width: 518px) 100vw, 518px\" \/><\/p>\n<h2>FAMI-QS Qualit\u00e9 pour les acheteurs d&#039;aliments pour animaux<\/h2>\n<p>JL EXTRACT est certifi\u00e9e FAMI-QS et g\u00e8re sa production en veillant au contr\u00f4le de la teneur en principes actifs, de la microbiologie, des m\u00e9taux lourds, des r\u00e9sidus de solvants et de la documentation des lots. Ceci permet aux fabricants d&#039;additifs pour l&#039;alimentation animale et aux entreprises de pr\u00e9m\u00e9langes d&#039;\u00e9valuer les ingr\u00e9dients avec des crit\u00e8res de qualit\u00e9 plus pr\u00e9cis.<\/p>\n<h2>Ingr\u00e9dients naturels pour la nutrition animale<\/h2>\n<p>Nos produits peuvent soutenir les concepts d&#039;alimentation animale et animale li\u00e9s \u00e0 la digestion, l&#039;app\u00e9tence, la protection antioxydante, le soutien antimicrobien, la fonction respiratoire, le soutien h\u00e9patique, les performances de croissance et le positionnement g\u00e9n\u00e9ral en mati\u00e8re de sant\u00e9 animale, en fonction de l&#039;ingr\u00e9dient s\u00e9lectionn\u00e9 et des r\u00e9glementations locales.<\/p>\n<h2>Options de traitement personnalis\u00e9 et OEM<\/h2>\n<p>Nous pouvons discuter des poudres d&#039;extraits v\u00e9g\u00e9taux, de l&#039;incorporation d&#039;huiles v\u00e9g\u00e9tales, des granul\u00e9s, des m\u00e9langes et des sp\u00e9cifications personnalis\u00e9es pour diff\u00e9rentes formules d&#039;alimentation animale. Les acheteurs peuvent demander les qualit\u00e9s disponibles, les quantit\u00e9s d&#039;\u00e9chantillons, les certificats d&#039;analyse et les options d&#039;emballage avant de passer des commandes en gros.<\/p>","protected":false},"excerpt":{"rendered":"<p>FAMI-QS propose des extraits botaniques, des huiles v\u00e9g\u00e9tales et des ingr\u00e9dients naturels pour l&#039;alimentation animale, les aliments pour animaux de compagnie, la nutrition animale et les projets de pr\u00e9m\u00e9langes personnalis\u00e9s.<\/p>","protected":false},"author":1,"featured_media":2261,"parent":0,"menu_order":0,"comment_status":"closed","ping_status":"closed","template":"page\/application.php","meta":{"footnotes":""},"_links":{"self":[{"href":"https:\/\/jlextract.com\/fr\/wp-json\/wp\/v2\/pages\/2260"}],"collection":[{"href":"https:\/\/jlextract.com\/fr\/wp-json\/wp\/v2\/pages"}],"about":[{"href":"https:\/\/jlextract.com\/fr\/wp-json\/wp\/v2\/types\/page"}],"author":[{"embeddable":true,"href":"https:\/\/jlextract.com\/fr\/wp-json\/wp\/v2\/users\/1"}],"replies":[{"embeddable":true,"href":"https:\/\/jlextract.com\/fr\/wp-json\/wp\/v2\/comments?post=2260"}],"version-history":[{"count":3,"href":"https:\/\/jlextract.com\/fr\/wp-json\/wp\/v2\/pages\/2260\/revisions"}],"predecessor-version":[{"id":3132,"href":"https:\/\/jlextract.com\/fr\/wp-json\/wp\/v2\/pages\/2260\/revisions\/3132"}],"wp:featuredmedia":[{"embeddable":true,"href":"https:\/\/jlextract.com\/fr\/wp-json\/wp\/v2\/media\/2261"}],"wp:attachment":[{"href":"https:\/\/jlextract.com\/fr\/wp-json\/wp\/v2\/media?parent=2260"}],"curies":[{"name":"wp","href":"https:\/\/api.w.org\/{rel}","templated":true}]}}