{"id":2250,"date":"2024-06-12T10:38:37","date_gmt":"2024-06-12T02:38:37","guid":{"rendered":"https:\/\/jlextract.com\/?page_id=2250"},"modified":"2026-04-30T11:28:55","modified_gmt":"2026-04-30T03:28:55","slug":"nutrition-beverage-natural-ingredients","status":"publish","type":"page","link":"https:\/\/jlextract.com\/fr\/nutrition-\uff06-boisson\/","title":{"rendered":"Ingr\u00e9dients naturels pour les applications nutritionnelles et de boissons"},"content":{"rendered":"<p>Les industries de la nutrition, des compl\u00e9ments alimentaires et des boissons ont besoin d&#039;ingr\u00e9dients naturels, constants, tra\u00e7ables et adapt\u00e9s \u00e0 la formulation. JL EXTRACT fournit des extraits botaniques, des pigments naturels, des poudres de fruits et l\u00e9gumes, des ar\u00f4mes et des ingr\u00e9dients fonctionnels d&#039;origine v\u00e9g\u00e9tale pour les g\u00e9lules, les comprim\u00e9s, les boissons, les produits laitiers, la boulangerie, la confiserie et l&#039;alimentation.<\/p>\n<p style=\"text-align: center;\"><img loading=\"lazy\" decoding=\"async\" class=\"size-full wp-image-2253 aligncenter\" src=\"https:\/\/jlextract.com\/wp-content\/uploads\/2024\/06\/20211101012905_93037.jpg\" alt=\"Extraits botaniques naturels et ingr\u00e9dients v\u00e9g\u00e9taux pour applications dans les boissons nutritionnelles\" width=\"518\" height=\"321\" srcset=\"https:\/\/jlextract.com\/wp-content\/uploads\/2024\/06\/20211101012905_93037.jpg 518w, https:\/\/jlextract.com\/wp-content\/uploads\/2024\/06\/20211101012905_93037-300x186.jpg 300w\" sizes=\"(max-width: 518px) 100vw, 518px\" \/><\/p>\n<h2>Options d&#039;ingr\u00e9dients pour les formules alimentaires et les compl\u00e9ments alimentaires<\/h2>\n<p>Notre gamme comprend des extraits riches en polyph\u00e9nols, des flavono\u00efdes, des saponines, des polysaccharides, des colorants naturels, des extraits d&#039;\u00e9pices et des poudres de fruits ou de l\u00e9gumes. Selon le produit, nous pouvons aborder la teneur en principes actifs, le taux d&#039;extraction, le support, la solubilit\u00e9, l&#039;impact aromatique et la granulom\u00e9trie.<\/p>\n<h2>Con\u00e7u pour une utilisation en production<\/h2>\n<p>Pour les acheteurs B2B, la question essentielle n&#039;est pas seulement de savoir si un ingr\u00e9dient est naturel, mais aussi s&#039;il peut \u00eatre utilis\u00e9 de mani\u00e8re fiable dans un produit fini. Nous proposons des services d&#039;analyse des sp\u00e9cifications, de v\u00e9rification des certificats d&#039;analyse, de tests d&#039;\u00e9chantillons et de contr\u00f4le qualit\u00e9 lot par lot pour les projets de compl\u00e9ments alimentaires et de boissons.<\/p>\n<h2>Applications que nous prenons en charge<\/h2>\n<p>Les utilisations typiques comprennent les formules antioxydantes, les compl\u00e9ments pour le soutien immunitaire, les boissons fonctionnelles, les syst\u00e8mes de coloration naturelle, les poudres nutritionnelles \u00e0 base de plantes, les m\u00e9langes botaniques et les projets d&#039;ingr\u00e9dients alimentaires qui n\u00e9cessitent une qualit\u00e9 et une documentation stables.<\/p>","protected":false},"excerpt":{"rendered":"<p>Extraits botaniques, pigments naturels et poudres de fruits ou de l\u00e9gumes pour compl\u00e9ments alimentaires, boissons fonctionnelles, formules alimentaires et applications nutritionnelles.<\/p>","protected":false},"author":1,"featured_media":2253,"parent":0,"menu_order":0,"comment_status":"closed","ping_status":"closed","template":"page\/application.php","meta":{"footnotes":""},"_links":{"self":[{"href":"https:\/\/jlextract.com\/fr\/wp-json\/wp\/v2\/pages\/2250"}],"collection":[{"href":"https:\/\/jlextract.com\/fr\/wp-json\/wp\/v2\/pages"}],"about":[{"href":"https:\/\/jlextract.com\/fr\/wp-json\/wp\/v2\/types\/page"}],"author":[{"embeddable":true,"href":"https:\/\/jlextract.com\/fr\/wp-json\/wp\/v2\/users\/1"}],"replies":[{"embeddable":true,"href":"https:\/\/jlextract.com\/fr\/wp-json\/wp\/v2\/comments?post=2250"}],"version-history":[{"count":6,"href":"https:\/\/jlextract.com\/fr\/wp-json\/wp\/v2\/pages\/2250\/revisions"}],"predecessor-version":[{"id":3131,"href":"https:\/\/jlextract.com\/fr\/wp-json\/wp\/v2\/pages\/2250\/revisions\/3131"}],"wp:featuredmedia":[{"embeddable":true,"href":"https:\/\/jlextract.com\/fr\/wp-json\/wp\/v2\/media\/2253"}],"wp:attachment":[{"href":"https:\/\/jlextract.com\/fr\/wp-json\/wp\/v2\/media?parent=2250"}],"curies":[{"name":"wp","href":"https:\/\/api.w.org\/{rel}","templated":true}]}}