{"id":8,"date":"2023-02-10T11:14:05","date_gmt":"2023-02-10T03:14:05","guid":{"rendered":"https:\/\/jlextract.com\/?page_id=8"},"modified":"2024-11-21T11:17:48","modified_gmt":"2024-11-21T03:17:48","slug":"about-us","status":"publish","type":"page","link":"https:\/\/jlextract.com\/es\/sobre-nosotros\/","title":{"rendered":"Sobre nosotros"},"content":{"rendered":"<p>JL Extract Co., Ltd. se compromete a fabricar y suministrar ingredientes naturales, extractos bot\u00e1nicos, aceites esenciales de plantas, polvos de frutas y verduras, productos especiados, etc. Nos centramos principalmente en los productos utilizados en aditivos alimentarios, material para piensos y alimentos para mascotas.<\/p>\n<p>JL Extract se dedica a la producci\u00f3n de extractos bot\u00e1nicos desde 2005 y se ha convertido en un fabricante y proveedor profesional de ingredientes naturales, extractos bot\u00e1nicos, aceites esenciales de plantas, polvos de frutas y verduras, productos de especias, etc. A medida que nuestro negocio se desarrolla, establecimos nuestra propia f\u00e1brica en 2008 y luego inventamos 4 f\u00e1bricas subsidiarias de empresas conjuntas, ubicadas respectivamente en la provincia de Shaanxi y la provincia de Hunan. Tambi\u00e9n en 2018, establecimos un laboratorio en Nanjing, equipado con cromat\u00f3grafo de l\u00edquidos y gases para realizar an\u00e1lisis de TLC, UV y HPLC, etc.<\/p>\n<p>Podemos concentrar todos los recursos para lograr una calidad suprema y esforzarnos por satisfacer las diversas necesidades de los clientes en productos personalizados. Podemos controlar la recolecci\u00f3n de material para garantizar el suministro y mejorar nuestro procesamiento para satisfacer la demanda personalizada en cuanto a contenido, humedad, l\u00edmite microbiol\u00f3gico, solubilidad, residuos de solventes, metales pesados, dioxinas, etc. y ponernos al d\u00eda con la regulaci\u00f3n de la Ley Europea de Alimentos y la Regulaci\u00f3n de Alimentos.<\/p>\n<p>Para regular nuestro negocio y cumplir con el sistema de calidad de los clientes, obtuvimos la certificaci\u00f3n de BUREAU VERITAS Certification en FAMI-QS (Ver.6) en diciembre de 2020. ISO22000-2018 en septiembre de 2023.<\/p>\n<p>Siempre nos adherimos a negocios a largo plazo basados en beneficios mutuos, ahora nuestros productos se han exportado a Espa\u00f1a, Austria, Alemania, Estados Unidos, Corea, Jap\u00f3n, India, Canad\u00e1, Australia, M\u00e9xico, Malasia, Rusia, Holanda, Italia, Ucrania, Reino Unido, etc.<\/p>\n<p>Agradecemos a nuestros antiguos clientes por todo lo que ganamos hoy y progresamos juntos, mientras tanto damos la bienvenida a nuevos clientes para que se unan a nosotros para crear el futuro.<\/p>","protected":false},"excerpt":{"rendered":"<p>JL Extract Co., Ltd. se dedica a la fabricaci\u00f3n y suministro de ingredientes naturales, extractos bot\u00e1nicos, aceites esenciales de plantas, polvos de frutas y verduras, productos de especias, etc. Nos centramos principalmente en los productos utilizados en aditivos para piensos, material para piensos y alimentos para mascotas. JL Extract ha estado en la l\u00ednea de extractos bot\u00e1nicos desde 2005 y se ha convertido en un fabricante profesional [\u2026]<\/p>","protected":false},"author":1,"featured_media":0,"parent":0,"menu_order":0,"comment_status":"closed","ping_status":"closed","template":"page\/about.php","meta":{"footnotes":""},"_links":{"self":[{"href":"https:\/\/jlextract.com\/es\/wp-json\/wp\/v2\/pages\/8"}],"collection":[{"href":"https:\/\/jlextract.com\/es\/wp-json\/wp\/v2\/pages"}],"about":[{"href":"https:\/\/jlextract.com\/es\/wp-json\/wp\/v2\/types\/page"}],"author":[{"embeddable":true,"href":"https:\/\/jlextract.com\/es\/wp-json\/wp\/v2\/users\/1"}],"replies":[{"embeddable":true,"href":"https:\/\/jlextract.com\/es\/wp-json\/wp\/v2\/comments?post=8"}],"version-history":[{"count":7,"href":"https:\/\/jlextract.com\/es\/wp-json\/wp\/v2\/pages\/8\/revisions"}],"predecessor-version":[{"id":2281,"href":"https:\/\/jlextract.com\/es\/wp-json\/wp\/v2\/pages\/8\/revisions\/2281"}],"wp:attachment":[{"href":"https:\/\/jlextract.com\/es\/wp-json\/wp\/v2\/media?parent=8"}],"curies":[{"name":"wp","href":"https:\/\/api.w.org\/{rel}","templated":true}]}}