{"id":2267,"date":"2024-06-12T15:31:31","date_gmt":"2024-06-12T07:31:31","guid":{"rendered":"https:\/\/jlextract.com\/?page_id=2267"},"modified":"2026-04-30T11:28:59","modified_gmt":"2026-04-30T03:28:59","slug":"personal-care-cosmetic-natural-ingredients","status":"publish","type":"page","link":"https:\/\/jlextract.com\/es\/cuidado-personal\/","title":{"rendered":"Ingredientes bot\u00e1nicos naturales para el cuidado personal y la cosm\u00e9tica."},"content":{"rendered":"<p>Las marcas de cuidado personal y cosm\u00e9tica buscan cada vez m\u00e1s ingredientes naturales que enriquezcan la historia del producto, la experiencia sensorial y su posicionamiento funcional. JL EXTRACT suministra extractos bot\u00e1nicos, ingredientes naturales y aceites esenciales de plantas para productos de cuidado de la piel, el cabello, el cuerpo, la higiene bucal y fragancias.<\/p>\n<p style=\"text-align: center;\"><img loading=\"lazy\" decoding=\"async\" class=\"alignnone size-large wp-image-2270\" src=\"https:\/\/jlextract.com\/wp-content\/uploads\/2024\/06\/20211101054753_44548.jpg\" alt=\"Ingredientes bot\u00e1nicos naturales y aceites esenciales para cosm\u00e9ticos de cuidado personal.\" width=\"437\" height=\"322\" srcset=\"https:\/\/jlextract.com\/wp-content\/uploads\/2024\/06\/20211101054753_44548.jpg 437w, https:\/\/jlextract.com\/wp-content\/uploads\/2024\/06\/20211101054753_44548-300x221.jpg 300w\" sizes=\"(max-width: 437px) 100vw, 437px\" \/><\/p>\n<h2>Ingredientes bot\u00e1nicos para la formulaci\u00f3n de cosm\u00e9ticos<\/h2>\n<p>Nuestra gama de ingredientes naturales puede considerarse para conceptos antioxidantes, calmantes, exfoliantes, iluminadores, limpiadores, antienvejecimiento, de fragancia y de estabilidad del producto, dependiendo del ingrediente seleccionado y del mercado regulatorio.<\/p>\n<h2>Aplicaciones en productos de cuidado personal<\/h2>\n<p>Entre las aplicaciones t\u00edpicas se incluyen cremas, lociones, champ\u00fas, geles de ducha, pasta de dientes, perfumes, productos labiales, productos de limpieza y formulaciones especiales en las que los extractos bot\u00e1nicos o los aceites esenciales a\u00f1aden valor al producto final.<\/p>\n<h2>Apoyo a los compradores de ingredientes<\/h2>\n<p>Podemos proporcionar opciones de muestras, especificaciones, informaci\u00f3n sobre certificados de an\u00e1lisis (COA) y asistencia para la elaboraci\u00f3n de presupuestos al por mayor para formuladores de cosm\u00e9ticos, marcas de cuidado personal, distribuidores y fabricantes por contrato.<\/p>","protected":false},"excerpt":{"rendered":"<p>Extractos bot\u00e1nicos, aceites esenciales e ingredientes naturales para proyectos de formulaci\u00f3n de productos para el cuidado de la piel, el cabello, la higiene bucal, fragancias y cosm\u00e9ticos.<\/p>","protected":false},"author":1,"featured_media":2270,"parent":0,"menu_order":0,"comment_status":"closed","ping_status":"closed","template":"page\/application.php","meta":{"footnotes":""},"_links":{"self":[{"href":"https:\/\/jlextract.com\/es\/wp-json\/wp\/v2\/pages\/2267"}],"collection":[{"href":"https:\/\/jlextract.com\/es\/wp-json\/wp\/v2\/pages"}],"about":[{"href":"https:\/\/jlextract.com\/es\/wp-json\/wp\/v2\/types\/page"}],"author":[{"embeddable":true,"href":"https:\/\/jlextract.com\/es\/wp-json\/wp\/v2\/users\/1"}],"replies":[{"embeddable":true,"href":"https:\/\/jlextract.com\/es\/wp-json\/wp\/v2\/comments?post=2267"}],"version-history":[{"count":4,"href":"https:\/\/jlextract.com\/es\/wp-json\/wp\/v2\/pages\/2267\/revisions"}],"predecessor-version":[{"id":3134,"href":"https:\/\/jlextract.com\/es\/wp-json\/wp\/v2\/pages\/2267\/revisions\/3134"}],"wp:featuredmedia":[{"embeddable":true,"href":"https:\/\/jlextract.com\/es\/wp-json\/wp\/v2\/media\/2270"}],"wp:attachment":[{"href":"https:\/\/jlextract.com\/es\/wp-json\/wp\/v2\/media?parent=2267"}],"curies":[{"name":"wp","href":"https:\/\/api.w.org\/{rel}","templated":true}]}}