{"id":2264,"date":"2024-06-12T15:28:29","date_gmt":"2024-06-12T07:28:29","guid":{"rendered":"https:\/\/jlextract.com\/?page_id=2264"},"modified":"2024-08-27T09:38:52","modified_gmt":"2024-08-27T01:38:52","slug":"insecticide-fungicide","status":"publish","type":"page","link":"https:\/\/jlextract.com\/es\/insecticida-fungicida\/","title":{"rendered":"Insecticidas y fungicidas"},"content":{"rendered":"<p>Desarrollamos y dise\u00f1amos extractos de plantas con especificaciones y calidad optimizadas, que son adecuados para ser aplicables en\u00a0<strong>Insecticida, fungicida, bactericida y virucida<\/strong>.<br \/>\nEspecificaciones personalizadas para diferentes formulaciones y de bajo costo, ingredientes totalmente naturales para cumplir con los est\u00e1ndares de la agricultura org\u00e1nica y ecol\u00f3gica.<\/p>\n<p style=\"text-align: center;\"><img loading=\"lazy\" decoding=\"async\" class=\"size-full wp-image-2265 aligncenter\" src=\"https:\/\/jlextract.com\/wp-content\/uploads\/2024\/06\/20211101054131_31903.jpg\" alt=\"\" width=\"600\" height=\"383\" srcset=\"https:\/\/jlextract.com\/wp-content\/uploads\/2024\/06\/20211101054131_31903.jpg 600w, https:\/\/jlextract.com\/wp-content\/uploads\/2024\/06\/20211101054131_31903-300x192.jpg 300w\" sizes=\"(max-width: 600px) 100vw, 600px\" \/><\/p>\n<p><strong>Insecticida, Fungicida, Bactericida y Viricida\u00a0<\/strong><\/p>\n<p>En la naturaleza, existe una gran cantidad de metabolitos secundarios de las plantas con actividad insecticida o bactericida, como terpenos, alcaloides, flavonoides, esteroides, amino\u00e1cidos \u00fanicos y polisac\u00e1ridos. Estas sustancias tienen baja toxicidad para los organismos no objetivo, se degradan f\u00e1cilmente, no causan efectos permanentes en el medio ambiente y el ecosistema y son altamente seguras.<\/p>\n<p>Estos extractos de plantas incluyen matrina, rotenona, azadiractina, veratrina, piretro, nicotina, celangulina, eucaliptol, alcanfor, dextroalcanfor, aceite de an\u00eds estrellado, chamaetoxina, triptolida, curcumol, osthole, eugenol, metil \u00e9ter de emodina, carvacrol, berberina, esterenol, saponina de t\u00e9, espirocarb, alcaloides de sophora, alicina, d-limoneno, alcohol terp\u00e9nico, isosulfuro de cianato de alilo, extracto de Ginkgo biloba (\u00e1cido pentadecenfen\u00f3lico, \u00e1cido tridecilfen\u00f3lico).<\/p>","protected":false},"excerpt":{"rendered":"<p>Desarrollamos y dise\u00f1amos extractos de plantas con especificaciones y calidad optimizadas, que son adecuados para su aplicaci\u00f3n en insecticidas, fungicidas, bactericidas y virucidas. Especificaciones personalizadas para diferentes formulaciones y bajo costo, ingredientes totalmente naturales para cumplir con los est\u00e1ndares de la agricultura org\u00e1nica y ecol\u00f3gica. Insecticidas, fungicidas, bactericidas y viricidas Existe una gran cantidad de [\u2026]<\/p>","protected":false},"author":1,"featured_media":2269,"parent":0,"menu_order":0,"comment_status":"closed","ping_status":"closed","template":"page\/application.php","meta":{"footnotes":""},"_links":{"self":[{"href":"https:\/\/jlextract.com\/es\/wp-json\/wp\/v2\/pages\/2264"}],"collection":[{"href":"https:\/\/jlextract.com\/es\/wp-json\/wp\/v2\/pages"}],"about":[{"href":"https:\/\/jlextract.com\/es\/wp-json\/wp\/v2\/types\/page"}],"author":[{"embeddable":true,"href":"https:\/\/jlextract.com\/es\/wp-json\/wp\/v2\/users\/1"}],"replies":[{"embeddable":true,"href":"https:\/\/jlextract.com\/es\/wp-json\/wp\/v2\/comments?post=2264"}],"version-history":[{"count":1,"href":"https:\/\/jlextract.com\/es\/wp-json\/wp\/v2\/pages\/2264\/revisions"}],"predecessor-version":[{"id":2266,"href":"https:\/\/jlextract.com\/es\/wp-json\/wp\/v2\/pages\/2264\/revisions\/2266"}],"wp:featuredmedia":[{"embeddable":true,"href":"https:\/\/jlextract.com\/es\/wp-json\/wp\/v2\/media\/2269"}],"wp:attachment":[{"href":"https:\/\/jlextract.com\/es\/wp-json\/wp\/v2\/media?parent=2264"}],"curies":[{"name":"wp","href":"https:\/\/api.w.org\/{rel}","templated":true}]}}