{"id":2260,"date":"2024-06-12T15:25:45","date_gmt":"2024-06-12T07:25:45","guid":{"rendered":"https:\/\/jlextract.com\/?page_id=2260"},"modified":"2024-08-27T09:37:01","modified_gmt":"2024-08-27T01:37:01","slug":"feed-feed-additive","status":"publish","type":"page","link":"https:\/\/jlextract.com\/es\/aditivo-para-piensos\/","title":{"rendered":"Piensos y aditivos para piensos"},"content":{"rendered":"<p>El sector de la nutrici\u00f3n animal est\u00e1 siendo testigo de cambios significativos motivados por una legislaci\u00f3n m\u00e1s orientada a las soluciones naturales que los usuarios finales demandan cada vez m\u00e1s. En Jieliang Extract,\u00a0<strong>Te ayudamos a satisfacer estas nuevas demandas, gracias a una amplia variedad de nuevos ingredientes naturales.<\/strong>, probado con \u00e9xito en varias especies de animales de granja (<strong>Monog\u00e1stricos, rumiantes y acuicultura<\/strong>) con el objetivo de mejorar, no solo el estado general de salud del animal, sino tambi\u00e9n el rendimiento de producci\u00f3n. El extracto de Jieliang es\u00a0<strong>Certificado FAMI-QS\u00a0<\/strong>Para garantizar la calidad. Todos los extractos de plantas se producen seg\u00fan las especificaciones y la calidad que ofrecen una buena relaci\u00f3n calidad-precio para los piensos. Adem\u00e1s, mantenemos el mismo est\u00e1ndar de calidad que los productos de grado alimenticio y los productos cumplen con la legislaci\u00f3n europea sobre piensos y el est\u00e1ndar FAMI-QS. Todos los extractos de plantas se utilizan actualmente como aditivos para piensos y alimentos para mascotas, etc.<\/p>\n<p style=\"text-align: center;\"><img loading=\"lazy\" decoding=\"async\" class=\"alignnone size-full wp-image-2261\" src=\"https:\/\/jlextract.com\/wp-content\/uploads\/2024\/06\/20211101053228_50124.jpg\" alt=\"\" width=\"518\" height=\"488\" srcset=\"https:\/\/jlextract.com\/wp-content\/uploads\/2024\/06\/20211101053228_50124.jpg 518w, https:\/\/jlextract.com\/wp-content\/uploads\/2024\/06\/20211101053228_50124-300x283.jpg 300w\" sizes=\"(max-width: 518px) 100vw, 518px\" \/><\/p>\n<p><strong>Control de calidad certificado FAMI-QS y est\u00e1ndar personalizado\u00a0<\/strong><\/p>\n<p>Los beneficios que brindan nuestros ingredientes se pueden enumerar como: Antimicrobiano \/ antiparasitario Antiestr\u00e9s Antioxidantes Antiinflamatorio Ayuda a la funci\u00f3n respiratoria Mejora la calidad de la carne Ayuda a las articulaciones Ayuda a proteger el h\u00edgado Ayuda a la salud digestiva Promueve el crecimiento Estimula el sistema inmunol\u00f3gico Ofrecemos integraci\u00f3n de fusi\u00f3n avanzada de aceites vegetales e ingredientes naturales, tambi\u00e9n mezclas, gr\u00e1nulos, etc. Servicio OEM y ODM.<\/p>","protected":false},"excerpt":{"rendered":"<p>El sector de la nutrici\u00f3n animal est\u00e1 viviendo cambios importantes motivados por una legislaci\u00f3n m\u00e1s orientada a las soluciones naturales que los usuarios finales demandan cada vez m\u00e1s. En Jieliang Extract te ayudamos a cubrir estas nuevas demandas, gracias a una amplia variedad de nuevos ingredientes naturales, testados con \u00e9xito en diversas especies animales de granja (monog\u00e1stricos, rumiantes y acuicultura) con el objetivo [\u2026]<\/p>","protected":false},"author":1,"featured_media":2261,"parent":0,"menu_order":0,"comment_status":"closed","ping_status":"closed","template":"page\/application.php","meta":{"footnotes":""},"_links":{"self":[{"href":"https:\/\/jlextract.com\/es\/wp-json\/wp\/v2\/pages\/2260"}],"collection":[{"href":"https:\/\/jlextract.com\/es\/wp-json\/wp\/v2\/pages"}],"about":[{"href":"https:\/\/jlextract.com\/es\/wp-json\/wp\/v2\/types\/page"}],"author":[{"embeddable":true,"href":"https:\/\/jlextract.com\/es\/wp-json\/wp\/v2\/users\/1"}],"replies":[{"embeddable":true,"href":"https:\/\/jlextract.com\/es\/wp-json\/wp\/v2\/comments?post=2260"}],"version-history":[{"count":2,"href":"https:\/\/jlextract.com\/es\/wp-json\/wp\/v2\/pages\/2260\/revisions"}],"predecessor-version":[{"id":2263,"href":"https:\/\/jlextract.com\/es\/wp-json\/wp\/v2\/pages\/2260\/revisions\/2263"}],"wp:featuredmedia":[{"embeddable":true,"href":"https:\/\/jlextract.com\/es\/wp-json\/wp\/v2\/media\/2261"}],"wp:attachment":[{"href":"https:\/\/jlextract.com\/es\/wp-json\/wp\/v2\/media?parent=2260"}],"curies":[{"name":"wp","href":"https:\/\/api.w.org\/{rel}","templated":true}]}}