{"id":2250,"date":"2024-06-12T10:38:37","date_gmt":"2024-06-12T02:38:37","guid":{"rendered":"https:\/\/jlextract.com\/?page_id=2250"},"modified":"2026-04-30T11:28:55","modified_gmt":"2026-04-30T03:28:55","slug":"nutrition-beverage-natural-ingredients","status":"publish","type":"page","link":"https:\/\/jlextract.com\/es\/nutricion-\uff06-bebida\/","title":{"rendered":"Ingredientes naturales para aplicaciones en nutrici\u00f3n y bebidas."},"content":{"rendered":"<p>Las industrias de nutrici\u00f3n, complementos alimenticios y bebidas necesitan ingredientes naturales que sean consistentes, trazables y pr\u00e1cticos para la formulaci\u00f3n de productos. JL EXTRACT suministra extractos bot\u00e1nicos, pigmentos naturales, polvos de frutas y verduras, aromas e ingredientes funcionales de origen vegetal para c\u00e1psulas, comprimidos, bebidas, productos l\u00e1cteos, panader\u00eda, confiter\u00eda y alimentos.<\/p>\n<p style=\"text-align: center;\"><img loading=\"lazy\" decoding=\"async\" class=\"size-full wp-image-2253 aligncenter\" src=\"https:\/\/jlextract.com\/wp-content\/uploads\/2024\/06\/20211101012905_93037.jpg\" alt=\"Extractos bot\u00e1nicos naturales e ingredientes vegetales para aplicaciones en bebidas nutritivas.\" width=\"518\" height=\"321\" srcset=\"https:\/\/jlextract.com\/wp-content\/uploads\/2024\/06\/20211101012905_93037.jpg 518w, https:\/\/jlextract.com\/wp-content\/uploads\/2024\/06\/20211101012905_93037-300x186.jpg 300w\" sizes=\"(max-width: 518px) 100vw, 518px\" \/><\/p>\n<h2>Opciones de ingredientes para f\u00f3rmulas de alimentos y suplementos<\/h2>\n<p>Nuestra gama incluye extractos ricos en polifenoles, ingredientes flavonoides, saponinas, polisac\u00e1ridos, colorantes naturales, extractos de especias y polvos de frutas o verduras. Seg\u00fan el producto, podemos analizar su contenido activo, la proporci\u00f3n de extracci\u00f3n, el excipiente, la solubilidad, el sabor y el tama\u00f1o de part\u00edcula.<\/p>\n<h2>Dise\u00f1ado para uso en la fabricaci\u00f3n.<\/h2>\n<p>Para los compradores B2B, la clave no reside \u00fanicamente en si un ingrediente es natural, sino en si puede utilizarse de forma fiable en un producto final. Ofrecemos servicios de revisi\u00f3n de especificaciones, confirmaci\u00f3n de certificados de an\u00e1lisis (COA), an\u00e1lisis de muestras y control de calidad entre lotes para proyectos de suplementos y bebidas.<\/p>\n<h2>Aplicaciones que admitimos<\/h2>\n<p>Entre sus usos t\u00edpicos se incluyen f\u00f3rmulas antioxidantes, suplementos para el sistema inmunitario, bebidas funcionales, sistemas de colorantes naturales, polvos nutricionales de origen vegetal, mezclas bot\u00e1nicas y proyectos de ingredientes alimentarios que requieren una calidad estable y documentaci\u00f3n.<\/p>","protected":false},"excerpt":{"rendered":"<p>Extractos bot\u00e1nicos, pigmentos naturales y polvos de frutas o verduras para suplementos, bebidas funcionales, f\u00f3rmulas alimentarias y aplicaciones nutricionales.<\/p>","protected":false},"author":1,"featured_media":2253,"parent":0,"menu_order":0,"comment_status":"closed","ping_status":"closed","template":"page\/application.php","meta":{"footnotes":""},"_links":{"self":[{"href":"https:\/\/jlextract.com\/es\/wp-json\/wp\/v2\/pages\/2250"}],"collection":[{"href":"https:\/\/jlextract.com\/es\/wp-json\/wp\/v2\/pages"}],"about":[{"href":"https:\/\/jlextract.com\/es\/wp-json\/wp\/v2\/types\/page"}],"author":[{"embeddable":true,"href":"https:\/\/jlextract.com\/es\/wp-json\/wp\/v2\/users\/1"}],"replies":[{"embeddable":true,"href":"https:\/\/jlextract.com\/es\/wp-json\/wp\/v2\/comments?post=2250"}],"version-history":[{"count":6,"href":"https:\/\/jlextract.com\/es\/wp-json\/wp\/v2\/pages\/2250\/revisions"}],"predecessor-version":[{"id":3131,"href":"https:\/\/jlextract.com\/es\/wp-json\/wp\/v2\/pages\/2250\/revisions\/3131"}],"wp:featuredmedia":[{"embeddable":true,"href":"https:\/\/jlextract.com\/es\/wp-json\/wp\/v2\/media\/2253"}],"wp:attachment":[{"href":"https:\/\/jlextract.com\/es\/wp-json\/wp\/v2\/media?parent=2250"}],"curies":[{"name":"wp","href":"https:\/\/api.w.org\/{rel}","templated":true}]}}