{"id":8,"date":"2023-02-10T11:14:05","date_gmt":"2023-02-10T03:14:05","guid":{"rendered":"https:\/\/jlextract.com\/?page_id=8"},"modified":"2024-11-21T11:17:48","modified_gmt":"2024-11-21T03:17:48","slug":"about-us","status":"publish","type":"page","link":"https:\/\/jlextract.com\/de\/uber-uns\/","title":{"rendered":"\u00dcber uns"},"content":{"rendered":"<p>JL Extract Co., Ltd. hat sich der Herstellung und Lieferung von nat\u00fcrlichen Inhaltsstoffen, Pflanzenextrakten, \u00e4therischen Pflanzen\u00f6len, Obst- und Gem\u00fcsepulver, Gew\u00fcrzprodukten usw. verschrieben. Wir konzentrieren uns haupts\u00e4chlich auf die Produkte, die in Futterzus\u00e4tzen, Futtermitteln und Tiernahrung verwendet werden.<\/p>\n<p>JL Extract ist seit 2005 im Bereich Pflanzenextrakte t\u00e4tig und hat sich zu einem professionellen Hersteller und Lieferanten von nat\u00fcrlichen Inhaltsstoffen, Pflanzenextrakten, \u00e4therischen Pflanzen\u00f6len, Frucht- und Gem\u00fcsepulver, Gew\u00fcrzprodukten usw. entwickelt. Im Zuge der Entwicklung unseres Gesch\u00e4fts haben wir 2008 eine eigene Fabrik gegr\u00fcndet und anschlie\u00dfend 4 Joint-Venture-Tochterfabriken in den Provinzen Shaanxi und Hunan gegr\u00fcndet. Au\u00dferdem haben wir 2018 ein Labor in Nanjing eingerichtet, das mit einem Fl\u00fcssigkeits- und einem Gaschromatographen ausgestattet ist, um Analysen von TLC, UV und HPLC usw. durchzuf\u00fchren.<\/p>\n<p>Wir k\u00f6nnen alle Ressourcen konzentrieren, um h\u00f6chste Qualit\u00e4t zu erzielen, und uns bem\u00fchen, die vielf\u00e4ltigen Kundenanforderungen an ma\u00dfgeschneiderte Produkte zu erf\u00fcllen. Wir k\u00f6nnen die Materialsammlung kontrollieren, um die Versorgung zu gew\u00e4hrleisten, und unsere Verarbeitung verbessern, um kundenspezifische Anforderungen hinsichtlich Inhalt, Feuchtigkeit, mikrobiologischer Grenze, L\u00f6slichkeit, L\u00f6sungsmittelr\u00fcckst\u00e4nden, Schwermetallen, Dioxin usw. zu erf\u00fcllen und die Vorschriften des europ\u00e4ischen Futtermittel- und Lebensmittelrechts einzuhalten.<\/p>\n<p>Um unser Gesch\u00e4ft zu regulieren und das Qualit\u00e4tssystem der Kunden zu erf\u00fcllen, wurden wir im Dezember 2020 von BUREAU VERITAS Certification nach FAMI-QS (Ver.6) zertifiziert. Im September 2023 wurden wir nach ISO22000-2018 zertifiziert.<\/p>\n<p>Wir halten stets an langfristigen Gesch\u00e4ftsbeziehungen auf der Grundlage gegenseitigen Nutzens fest. Mittlerweile werden unsere Produkte nach Spanien, \u00d6sterreich, Deutschland, USA, Korea, Japan, Indien, Kanada, Australien, Mexiko, Malaysia, Russland, Holland, Italien, Ukraine, Gro\u00dfbritannien usw. exportiert.<\/p>\n<p>Wir danken unseren alten Kunden f\u00fcr alles, was wir heute erreicht haben, und daf\u00fcr, dass wir gemeinsam Fortschritte machen konnten. Gleichzeitig hei\u00dfen wir neue Kunden willkommen, die gemeinsam mit uns die Zukunft gestalten m\u00f6chten.<\/p>","protected":false},"excerpt":{"rendered":"<p>JL Extract Co., Ltd. hat sich der Herstellung und Lieferung von nat\u00fcrlichen Inhaltsstoffen, Pflanzenextrakten, \u00e4therischen Pflanzen\u00f6len, Frucht- und Gem\u00fcsepulver, Gew\u00fcrzprodukten usw. verschrieben. Wir konzentrieren uns haupts\u00e4chlich auf die Produkte, die in Futterzus\u00e4tzen, Futtermitteln und Tiernahrung verwendet werden. JL Extract ist seit 2005 im Bereich Pflanzenextrakte t\u00e4tig und hat sich zu einem professionellen Hersteller entwickelt [\u2026]<\/p>","protected":false},"author":1,"featured_media":0,"parent":0,"menu_order":0,"comment_status":"closed","ping_status":"closed","template":"page\/about.php","meta":{"footnotes":""},"_links":{"self":[{"href":"https:\/\/jlextract.com\/de\/wp-json\/wp\/v2\/pages\/8"}],"collection":[{"href":"https:\/\/jlextract.com\/de\/wp-json\/wp\/v2\/pages"}],"about":[{"href":"https:\/\/jlextract.com\/de\/wp-json\/wp\/v2\/types\/page"}],"author":[{"embeddable":true,"href":"https:\/\/jlextract.com\/de\/wp-json\/wp\/v2\/users\/1"}],"replies":[{"embeddable":true,"href":"https:\/\/jlextract.com\/de\/wp-json\/wp\/v2\/comments?post=8"}],"version-history":[{"count":7,"href":"https:\/\/jlextract.com\/de\/wp-json\/wp\/v2\/pages\/8\/revisions"}],"predecessor-version":[{"id":2281,"href":"https:\/\/jlextract.com\/de\/wp-json\/wp\/v2\/pages\/8\/revisions\/2281"}],"wp:attachment":[{"href":"https:\/\/jlextract.com\/de\/wp-json\/wp\/v2\/media?parent=8"}],"curies":[{"name":"wp","href":"https:\/\/api.w.org\/{rel}","templated":true}]}}