{"id":2267,"date":"2024-06-12T15:31:31","date_gmt":"2024-06-12T07:31:31","guid":{"rendered":"https:\/\/jlextract.com\/?page_id=2267"},"modified":"2024-08-12T08:59:22","modified_gmt":"2024-08-12T00:59:22","slug":"personal-care","status":"publish","type":"page","link":"https:\/\/jlextract.com\/de\/korperpflege\/","title":{"rendered":"K\u00f6rperpflege"},"content":{"rendered":"<p>Auch der Kosmetikmarkt erlebt derzeit eine Verbraucherrevolution: Der Trend geht hin zu nat\u00fcrlichen Inhaltsstoffen, die mehr Vertrauen erwecken, ohne dass dabei die gew\u00fcnschten positiven Effekte verloren gehen.<\/p>\n<p>Bei Jieliang Extract k\u00f6nnen unsere Inhaltsstoffe helfen,\u00a0<strong>Zellalterungsrate, Reduzierung der Bildung freier Radikale, Verlangsamung der Proteinoxidation und Verringerung der Entz\u00fcndung<\/strong>. Sie k\u00f6nnen in Haar- und K\u00f6rperpflegeprodukten verwendet werden, um deren Schaumleistung und Reinigungskraft zu verbessern. Sie k\u00f6nnen auch verwendet werden, um die Sicherheit und Stabilit\u00e4t Ihrer Produkte zu verbessern und Innovationen zu f\u00f6rdern.<\/p>\n<p style=\"text-align: center;\">\u00a0<img loading=\"lazy\" decoding=\"async\" class=\"alignnone size-large wp-image-2270\" src=\"https:\/\/jlextract.com\/wp-content\/uploads\/2024\/06\/20211101054753_44548.jpg\" alt=\"\" width=\"437\" height=\"322\" srcset=\"https:\/\/jlextract.com\/wp-content\/uploads\/2024\/06\/20211101054753_44548.jpg 437w, https:\/\/jlextract.com\/wp-content\/uploads\/2024\/06\/20211101054753_44548-300x221.jpg 300w\" sizes=\"(max-width: 437px) 100vw, 437px\" \/><\/p>\n<p><strong>K\u00f6rperpflege<\/strong><\/p>\n<p>Die K\u00f6rperpflege umfasst viele Aspekte, wie etwa Hautpflegeprodukte, Cremes, Shampoos, Duschgels, Lippenstifte, Parf\u00fcms, Zahnpasta, Sterilisationsprodukte usw.<\/p>\n<p>Unsere nat\u00fcrlichen Pflanzenextrakte und nat\u00fcrlichen Inhaltsstoffe k\u00f6nnen als Antioxidantien, Peelings, aufhellende, entz\u00fcndungshemmende Mittel, UV-Schutz, Akneentfernung, Benetzung, Anti-Aging usw. wirken.<\/p>","protected":false},"excerpt":{"rendered":"<p>Auch der Kosmetikmarkt erlebt eine Verbraucherrevolution. Der Trend geht hin zur Verwendung nat\u00fcrlicher Inhaltsstoffe, die mehr Selbstvertrauen vermitteln, ohne dabei auf die gew\u00fcnschten positiven Effekte zu verzichten. Bei Jieliang Extract k\u00f6nnen unsere Inhaltsstoffe helfen, die Zellalterung zu verlangsamen, die Bildung freier Radikale zu reduzieren, die Proteinoxidation zu verlangsamen und Entz\u00fcndungen zu lindern. Sie k\u00f6nnen [\u2026]<\/p>","protected":false},"author":1,"featured_media":2270,"parent":0,"menu_order":0,"comment_status":"closed","ping_status":"closed","template":"page\/application.php","meta":{"footnotes":""},"_links":{"self":[{"href":"https:\/\/jlextract.com\/de\/wp-json\/wp\/v2\/pages\/2267"}],"collection":[{"href":"https:\/\/jlextract.com\/de\/wp-json\/wp\/v2\/pages"}],"about":[{"href":"https:\/\/jlextract.com\/de\/wp-json\/wp\/v2\/types\/page"}],"author":[{"embeddable":true,"href":"https:\/\/jlextract.com\/de\/wp-json\/wp\/v2\/users\/1"}],"replies":[{"embeddable":true,"href":"https:\/\/jlextract.com\/de\/wp-json\/wp\/v2\/comments?post=2267"}],"version-history":[{"count":3,"href":"https:\/\/jlextract.com\/de\/wp-json\/wp\/v2\/pages\/2267\/revisions"}],"predecessor-version":[{"id":2279,"href":"https:\/\/jlextract.com\/de\/wp-json\/wp\/v2\/pages\/2267\/revisions\/2279"}],"wp:featuredmedia":[{"embeddable":true,"href":"https:\/\/jlextract.com\/de\/wp-json\/wp\/v2\/media\/2270"}],"wp:attachment":[{"href":"https:\/\/jlextract.com\/de\/wp-json\/wp\/v2\/media?parent=2267"}],"curies":[{"name":"wp","href":"https:\/\/api.w.org\/{rel}","templated":true}]}}