{"id":2264,"date":"2024-06-12T15:28:29","date_gmt":"2024-06-12T07:28:29","guid":{"rendered":"https:\/\/jlextract.com\/?page_id=2264"},"modified":"2024-08-27T09:38:52","modified_gmt":"2024-08-27T01:38:52","slug":"insecticide-fungicide","status":"publish","type":"page","link":"https:\/\/jlextract.com\/de\/insektizid-fungizid\/","title":{"rendered":"Insektizid &amp; Fungizid"},"content":{"rendered":"<p>Wir haben Pflanzenextrakte in optimierter Spezifikation und Qualit\u00e4t entwickelt und designt, die f\u00fcr den Einsatz in\u00a0<strong>Insektizid, Fungizid, Bakterizid und Viruzid<\/strong>.<br \/>\nMa\u00dfgeschneiderte Spezifikationen f\u00fcr verschiedene Formulierungen und niedrige Kosten, ausschlie\u00dflich nat\u00fcrliche Inhaltsstoffe, um die Standards der biologischen und \u00f6kologischen Landwirtschaft zu erf\u00fcllen.<\/p>\n<p style=\"text-align: center;\"><img loading=\"lazy\" decoding=\"async\" class=\"size-full wp-image-2265 aligncenter\" src=\"https:\/\/jlextract.com\/wp-content\/uploads\/2024\/06\/20211101054131_31903.jpg\" alt=\"\" width=\"600\" height=\"383\" srcset=\"https:\/\/jlextract.com\/wp-content\/uploads\/2024\/06\/20211101054131_31903.jpg 600w, https:\/\/jlextract.com\/wp-content\/uploads\/2024\/06\/20211101054131_31903-300x192.jpg 300w\" sizes=\"(max-width: 600px) 100vw, 600px\" \/><\/p>\n<p><strong>Insektizid, Fungizid, Bakterizid und Virizid\u00a0<\/strong><\/p>\n<p>In der Natur gibt es eine gro\u00dfe Anzahl sekund\u00e4rer Pflanzenstoffe mit insektizider oder bakterizider Wirkung, wie Terpene, Alkaloide, Flavonoide, Steroide, einzigartige Aminos\u00e4uren und Polysaccharide. Diese Stoffe sind f\u00fcr Nichtzielorganismen wenig toxisch, leicht abbaubar, verursachen keine dauerhaften Auswirkungen auf die Umwelt und das \u00d6kosystem und sind sehr sicher.<\/p>\n<p>Diese Pflanzenextrakte umfassen Matrin, Rotenon, Azadirachtin, Veratrin, Pyrethrum, Nikotin, Celangulin, Eukalyptol, Kampfer, Dextrokampfer, Sternanis\u00f6l, Chamaetoxin, Triptolid, Curcumol, Osthol, Eugenol, Emodinmethylether, Carvacrol, Berberin, Sterenol, Teesaponin, Spirocarb, Sophora-Alkaloide, Allicin, D-Limonen, Terpenalkohol, Isosulfid-Allylcyanat, Ginkgo-biloba-Extrakt (Pentadecenphenols\u00e4ure, Tridecylphenols\u00e4ure)<\/p>","protected":false},"excerpt":{"rendered":"<p>Wir haben Pflanzenextrakte mit optimierten Spezifikationen und Qualit\u00e4t entwickelt und entworfen, die sich f\u00fcr den Einsatz als Insektizid, Fungizid, Bakterizid und Viruzid eignen. Ma\u00dfgeschneiderte Spezifikationen f\u00fcr verschiedene Formulierungen und niedrige Kosten, ausschlie\u00dflich nat\u00fcrliche Inhaltsstoffe, um den Standards der biologischen und \u00f6kologischen Landwirtschaft gerecht zu werden. Insektizid, Fungizid, Bakterizid und Viruzid Es gibt eine gro\u00dfe Anzahl von Pflanzenextrakten [\u2026]<\/p>","protected":false},"author":1,"featured_media":2269,"parent":0,"menu_order":0,"comment_status":"closed","ping_status":"closed","template":"page\/application.php","meta":{"footnotes":""},"_links":{"self":[{"href":"https:\/\/jlextract.com\/de\/wp-json\/wp\/v2\/pages\/2264"}],"collection":[{"href":"https:\/\/jlextract.com\/de\/wp-json\/wp\/v2\/pages"}],"about":[{"href":"https:\/\/jlextract.com\/de\/wp-json\/wp\/v2\/types\/page"}],"author":[{"embeddable":true,"href":"https:\/\/jlextract.com\/de\/wp-json\/wp\/v2\/users\/1"}],"replies":[{"embeddable":true,"href":"https:\/\/jlextract.com\/de\/wp-json\/wp\/v2\/comments?post=2264"}],"version-history":[{"count":1,"href":"https:\/\/jlextract.com\/de\/wp-json\/wp\/v2\/pages\/2264\/revisions"}],"predecessor-version":[{"id":2266,"href":"https:\/\/jlextract.com\/de\/wp-json\/wp\/v2\/pages\/2264\/revisions\/2266"}],"wp:featuredmedia":[{"embeddable":true,"href":"https:\/\/jlextract.com\/de\/wp-json\/wp\/v2\/media\/2269"}],"wp:attachment":[{"href":"https:\/\/jlextract.com\/de\/wp-json\/wp\/v2\/media?parent=2264"}],"curies":[{"name":"wp","href":"https:\/\/api.w.org\/{rel}","templated":true}]}}