{"id":2260,"date":"2024-06-12T15:25:45","date_gmt":"2024-06-12T07:25:45","guid":{"rendered":"https:\/\/jlextract.com\/?page_id=2260"},"modified":"2026-04-30T11:28:57","modified_gmt":"2026-04-30T03:28:57","slug":"feed-additive-botanical-extracts","status":"publish","type":"page","link":"https:\/\/jlextract.com\/de\/futter-futterzusatz\/","title":{"rendered":"Pflanzenextrakte f\u00fcr Futtermittel und Futtermittelzusatzstoffe"},"content":{"rendered":"<p>Die Tierern\u00e4hrung entwickelt sich hin zu nat\u00fcrlichen, r\u00fcckverfolgbaren und gesetzeskonformen Inhaltsstoffl\u00f6sungen. JL EXTRACT liefert Pflanzenextrakte, Pflanzen\u00f6le und nat\u00fcrliche Inhaltsstoffe f\u00fcr Futtermittelzus\u00e4tze, Heimtiernahrung und Tierern\u00e4hrungsprodukte.<\/p>\n<p style=\"text-align: center;\"><img loading=\"lazy\" decoding=\"async\" class=\"alignnone size-full wp-image-2261\" src=\"https:\/\/jlextract.com\/wp-content\/uploads\/2024\/06\/20211101053228_50124.jpg\" alt=\"Pflanzenextrakte und nat\u00fcrliche Inhaltsstoffe f\u00fcr die Herstellung von Futtermittelzusatzstoffen\" width=\"518\" height=\"488\" srcset=\"https:\/\/jlextract.com\/wp-content\/uploads\/2024\/06\/20211101053228_50124.jpg 518w, https:\/\/jlextract.com\/wp-content\/uploads\/2024\/06\/20211101053228_50124-300x283.jpg 300w\" sizes=\"(max-width: 518px) 100vw, 518px\" \/><\/p>\n<h2>FAMI-QS-Qualit\u00e4t f\u00fcr Futtermittelk\u00e4ufer<\/h2>\n<p>JL EXTRACT ist FAMI-QS-zertifiziert und \u00fcberwacht die Produktion unter Ber\u00fccksichtigung von Wirkstoffgehalt, Mikrobiologie, Schwermetallen, L\u00f6sungsmittelr\u00fcckst\u00e4nden und Chargendokumentation. Dies unterst\u00fctzt Hersteller von Futtermittelzusatzstoffen und Vormischungen bei der Bewertung von Inhaltsstoffen anhand klarerer Qualit\u00e4tskriterien.<\/p>\n<h2>Nat\u00fcrliche Inhaltsstoffe f\u00fcr die Tierern\u00e4hrung<\/h2>\n<p>Unsere Produkte k\u00f6nnen Futtermittel- und Heimtiernahrungskonzepte in Bezug auf Verdauung, Schmackhaftigkeit, antioxidativen Schutz, antimikrobielle Unterst\u00fctzung, Atemwegsfunktion, Leberunterst\u00fctzung, Wachstumsleistung und allgemeine Tiergesundheit unterst\u00fctzen, abh\u00e4ngig von den gew\u00e4hlten Inhaltsstoffen und den lokalen Vorschriften.<\/p>\n<h2>Kundenspezifische Bearbeitung und OEM-Optionen<\/h2>\n<p>Wir k\u00f6nnen \u00fcber Pflanzenextraktpulver, Pflanzen\u00f6leinbettungen, Granulate, Mischungen und kundenspezifische Spezifikationen f\u00fcr verschiedene Futtermittelrezepturen sprechen. K\u00e4ufer k\u00f6nnen vor Gro\u00dfbestellungen verf\u00fcgbare Qualit\u00e4ten, Mustermengen, Analysezertifikate und Verpackungsoptionen anfordern.<\/p>","protected":false},"excerpt":{"rendered":"<p>FAMI-QS bietet Pflanzenextrakte, Pflanzen\u00f6le und nat\u00fcrliche Inhaltsstoffe f\u00fcr Futtermittelzus\u00e4tze, Heimtierfutter, Tierern\u00e4hrung und kundenspezifische Vormischungsprojekte.<\/p>","protected":false},"author":1,"featured_media":2261,"parent":0,"menu_order":0,"comment_status":"closed","ping_status":"closed","template":"page\/application.php","meta":{"footnotes":""},"_links":{"self":[{"href":"https:\/\/jlextract.com\/de\/wp-json\/wp\/v2\/pages\/2260"}],"collection":[{"href":"https:\/\/jlextract.com\/de\/wp-json\/wp\/v2\/pages"}],"about":[{"href":"https:\/\/jlextract.com\/de\/wp-json\/wp\/v2\/types\/page"}],"author":[{"embeddable":true,"href":"https:\/\/jlextract.com\/de\/wp-json\/wp\/v2\/users\/1"}],"replies":[{"embeddable":true,"href":"https:\/\/jlextract.com\/de\/wp-json\/wp\/v2\/comments?post=2260"}],"version-history":[{"count":3,"href":"https:\/\/jlextract.com\/de\/wp-json\/wp\/v2\/pages\/2260\/revisions"}],"predecessor-version":[{"id":3132,"href":"https:\/\/jlextract.com\/de\/wp-json\/wp\/v2\/pages\/2260\/revisions\/3132"}],"wp:featuredmedia":[{"embeddable":true,"href":"https:\/\/jlextract.com\/de\/wp-json\/wp\/v2\/media\/2261"}],"wp:attachment":[{"href":"https:\/\/jlextract.com\/de\/wp-json\/wp\/v2\/media?parent=2260"}],"curies":[{"name":"wp","href":"https:\/\/api.w.org\/{rel}","templated":true}]}}