{"id":2250,"date":"2024-06-12T10:38:37","date_gmt":"2024-06-12T02:38:37","guid":{"rendered":"https:\/\/jlextract.com\/?page_id=2250"},"modified":"2024-08-12T08:59:52","modified_gmt":"2024-08-12T00:59:52","slug":"nutrition-%ef%bc%86-beverage","status":"publish","type":"page","link":"https:\/\/jlextract.com\/de\/ernahrung-\uff06-getrank\/","title":{"rendered":"Ern\u00e4hrung und Getr\u00e4nke"},"content":{"rendered":"<p>Die Nutraceutika- oder Nahrungserg\u00e4nzungsmittelindustrie hat in den letzten Jahren ein enormes Wachstum erlebt und erfordert\u00a0<strong>ein hohes Ma\u00df an Innovation, Schnelligkeit, Flexibilit\u00e4t und Anpassung an den Markt.<\/strong><\/p>\n<p>Die rein nat\u00fcrlichen Produkte von Jieliang Extract wurden f\u00fcr die Ern\u00e4hrungs-, Lebensmittel- und Getr\u00e4nkeindustrie entwickelt. Sie eignen sich zur Herstellung von Kapseln und Tabletten f\u00fcr die Ern\u00e4hrung und k\u00f6nnen als nat\u00fcrliche Zusatzstoffe in der Getr\u00e4nke-, Milchprodukt-, Geb\u00e4ck-, S\u00fc\u00dfwaren-, Lebensmittel- und Fleischkonservierungsindustrie verwendet werden, wo sie als Antioxidantien, Aromen und Farbstoffe fungieren.<\/p>\n<p style=\"text-align: center;\"><img loading=\"lazy\" decoding=\"async\" class=\"size-full wp-image-2253 aligncenter\" src=\"https:\/\/jlextract.com\/wp-content\/uploads\/2024\/06\/20211101012905_93037.jpg\" alt=\"\" width=\"518\" height=\"321\" srcset=\"https:\/\/jlextract.com\/wp-content\/uploads\/2024\/06\/20211101012905_93037.jpg 518w, https:\/\/jlextract.com\/wp-content\/uploads\/2024\/06\/20211101012905_93037-300x186.jpg 300w\" sizes=\"(max-width: 518px) 100vw, 518px\" \/><\/p>\n<p>Die aus Pflanzen gewonnenen Wirkstoffe wie Polysaccharide, Polyphenole, Flavonoide, Saponine, Alkaloide, Lactone und nat\u00fcrliche Pigmente k\u00f6nnen in Nahrungsmitteln, Lebensmitteln und Getr\u00e4nken verwendet werden und haben die Funktion, den Cholesterin- und Blutzuckerspiegel zu senken, Sex und Brust zu verbessern, die Gewichtsabnahme zu f\u00f6rdern und die Herz-Kreislauf- und Frauengesundheit zu verbessern. Sie haben auch wissenschaftlich nachgewiesene ern\u00e4hrungsphysiologische Funktionen, wenn sie in Antioxidantien, Antidepressiva, antiviralen Medikamenten und immunst\u00e4rkenden Nahrungserg\u00e4nzungsmitteln verwendet werden.<\/p>","protected":false},"excerpt":{"rendered":"<p>Die Nutraceutika- oder Nahrungserg\u00e4nzungsmittelindustrie hat in den letzten Jahren ein enormes Wachstum erlebt und erfordert ein hohes Ma\u00df an Innovation, Schnelligkeit, Flexibilit\u00e4t und Anpassung an den Markt. Die rein nat\u00fcrlichen Produkte von Jieliang Extract wurden f\u00fcr die Ern\u00e4hrungs-, Lebensmittel- und Getr\u00e4nkeindustrie entwickelt. Sie eignen sich zur Herstellung von Kapseln, Tabletten f\u00fcr Nahrungserg\u00e4nzungsmittel und als nat\u00fcrliche Zusatzstoffe [\u2026]<\/p>","protected":false},"author":1,"featured_media":2253,"parent":0,"menu_order":0,"comment_status":"closed","ping_status":"closed","template":"page\/application.php","meta":{"footnotes":""},"_links":{"self":[{"href":"https:\/\/jlextract.com\/de\/wp-json\/wp\/v2\/pages\/2250"}],"collection":[{"href":"https:\/\/jlextract.com\/de\/wp-json\/wp\/v2\/pages"}],"about":[{"href":"https:\/\/jlextract.com\/de\/wp-json\/wp\/v2\/types\/page"}],"author":[{"embeddable":true,"href":"https:\/\/jlextract.com\/de\/wp-json\/wp\/v2\/users\/1"}],"replies":[{"embeddable":true,"href":"https:\/\/jlextract.com\/de\/wp-json\/wp\/v2\/comments?post=2250"}],"version-history":[{"count":5,"href":"https:\/\/jlextract.com\/de\/wp-json\/wp\/v2\/pages\/2250\/revisions"}],"predecessor-version":[{"id":2257,"href":"https:\/\/jlextract.com\/de\/wp-json\/wp\/v2\/pages\/2250\/revisions\/2257"}],"wp:featuredmedia":[{"embeddable":true,"href":"https:\/\/jlextract.com\/de\/wp-json\/wp\/v2\/media\/2253"}],"wp:attachment":[{"href":"https:\/\/jlextract.com\/de\/wp-json\/wp\/v2\/media?parent=2250"}],"curies":[{"name":"wp","href":"https:\/\/api.w.org\/{rel}","templated":true}]}}